{"id":4253,"date":"2021-09-20T04:50:04","date_gmt":"2021-09-20T04:50:04","guid":{"rendered":"https:\/\/chuongdesigner.name.vn\/huyenhashop\/?post_type=product&#038;p=4253"},"modified":"2021-12-14T03:51:54","modified_gmt":"2021-12-14T03:51:54","slug":"bo-vong-xep-duy-loi-khung-inox-co-nho-khung-luoi","status":"publish","type":"product","link":"https:\/\/thietbitmg.com\/demo\/vongxep\/bo-vong-xep-duy-loi-khung-inox-co-nho-khung-luoi\/","title":{"rendered":"B\u1ed9 v\u00f5ng x\u1ebfp Duy L\u1ee3i khung Inox c\u1ee1 nh\u1ecf (Khung + L\u01b0\u1edbi)"},"content":{"rendered":"<p><span style=\"color: #000000;\"><strong>B\u1ed9 v\u00f5ng x\u1ebfp Duy L\u1ee3i khung Inox c\u1ee1 nh\u1ecf<\/strong>\u00a0g\u1ed3m 1 khung v\u00f5ng INOX 100% c\u1ee1 nh\u1ecf k\u00edch th\u01b0\u1edbc ( D\u00e0i 2,3m x R\u1ed9ng 0,9m x Cao 0,8m) + 1 L\u01b0\u1edbi v\u00f5ng Duy L\u1ee3i + 1 T\u00fai x\u00e1ch. Khung v\u00f5ng x\u1ebfp \u0111\u01b0\u1ee3c l\u00e0m b\u1eb1ng inox 100% s\u00e1ng b\u00f3ng thi\u1ebft k\u1ebf \u0111\u1eb9p sang tr\u1ecdng. K\u00edch c\u1ee1 nh\u1ecf g\u1ecdn ti\u1ebft ki\u1ec7m di\u1ec7n t\u00edch th\u00edch h\u1ee3p s\u1eed d\u1ee5ng cho kh\u00f4ng gian h\u1eb9p. Khung v\u00f5ng b\u1ea3o h\u00e0nh 10 n\u0103m ch\u00ednh h\u00e3ng Duy L\u1ee3i. H\u1ed7 tr\u1ee3 giao h\u00e0ng t\u1eadn n\u01a1i t\u1ea1i TPHCM.<\/span><\/p>\n<p><span style=\"color: #000000;\"><img loading=\"lazy\" class=\"lazy aligncenter size-full wp-image-2840\" src=\"https:\/\/vongxepgiare.com\/wp-content\/uploads\/2015\/11\/vong-xep-duy-loi-co-nho.jpg\" sizes=\"(max-width: 615px) 100vw, 615px\" alt=\"Vong xep duy loi co nho\" width=\"615\" height=\"410\" data-lazy-type=\"image\" data-lazy-src=\"https:\/\/vongxepgiare.com\/wp-content\/uploads\/2015\/11\/vong-xep-duy-loi-co-nho.jpg\" data-lazy-srcset=\"https:\/\/vongxepgiare.com\/wp-content\/uploads\/2015\/11\/vong-xep-duy-loi-co-nho.jpg 615w, https:\/\/vongxepgiare.com\/wp-content\/uploads\/2015\/11\/vong-xep-duy-loi-co-nho-300x200.jpg 300w\" \/><\/span><\/p>\n<h4><span style=\"color: #000000;\">TH\u00d4NG TIN CHI TI\u1ebeT B\u1ed8 V\u00d5NG X\u1ebeP DUY L\u1ee2I KHUNG INOX C\u1ee0 \u0110\u1ea0I<\/span><\/h4>\n<p><span style=\"color: #000000;\">T\u00ean s\u1ea3n ph\u1ea9m:<strong>\u00a0v\u00f5ng x\u1ebfp Duy L\u1ee3i khung Inox c\u1ee1 nh\u1ecf<\/strong><\/span><br \/>\n<span style=\"color: #000000;\">B\u1ed9 s\u1ea3n ph\u1ea9m g\u1ed3m:\u00a0<strong>Khung Inox c\u1ee1 nh\u1ecf+ L\u01b0\u1edbi v\u00f5ng c\u1ee1 \u0111\u1ea1i + T\u00fai x\u00e1ch<\/strong><\/span><br \/>\n<span style=\"color: #000000;\">Xu\u1ea5t x\u1ee9 : Vi\u1ec7t Nam<\/span><br \/>\n<span style=\"color: #000000;\">Th\u01b0\u01a1ng hi\u1ec7u :\u00a0<a style=\"color: #000000;\" title=\"V\u00f5ng x\u1ebfp Duy L\u1ee3i\" href=\"https:\/\/vongxepgiare.com\/vong-xep-duy-loi\/\" target=\"_blank\" rel=\"noopener noreferrer\"><strong>V\u00f5ng x\u1ebfp Duy L\u1ee3i<\/strong><\/a><\/span><br \/>\n<span style=\"color: #000000;\">Tr\u1ecdng L\u01b0\u1ee3ng :\u00a0 Khung v\u00f5ng: 5,8kg + L\u01b0\u1edbi: 1,5 kg<\/span><br \/>\n<span style=\"color: #000000;\">T\u1ea3i tr\u1ecdng t\u0129nh : 150kg<\/span><br \/>\n<span style=\"color: #000000;\">K\u00edch th\u01b0\u1edbc s\u1eed d\u1ee5ng :\u00a0D\u00e0i 230cm x r\u1ed9ng 90cm x cao 80 cm<\/span><br \/>\n<span style=\"color: #000000;\">K\u00edch th\u01b0\u1edbc \u0111\u00f3ng g\u00f3i : D\u00e0i 113cm x r\u1ed9ng 19.5cm x cao 14.5cm<\/span><br \/>\n<span style=\"color: #000000;\">Ki\u1ec3u d\u00e1ng : Ki\u1ec3u qu\u00e1 s\u01b0\u1ee1ng c\u1ee1 l\u1edbn<\/span><br \/>\n<span style=\"color: #000000;\">Ch\u1ea5t li\u1ec7u khung : Khung Inox 100% s\u00e1ng b\u00f3ng sang tr\u1ecdng kh\u00f4ng r\u1ec9 s\u00e9t, d\u1ec5 lau ch\u00f9i.<\/span><br \/>\n<span style=\"color: #000000;\">Ch\u1ea5t li\u1ec7u l\u01b0\u1edbi :\u00a0<strong>L\u01b0\u1edbi v\u00f5ng Duy L\u1ee3i ch\u00ednh h\u00e3ng m\u1ec1m d\u00e0y r\u1ed9ng n\u1eb1m \u00eam tho\u1ea3i m\u00e1i<\/strong><\/span><\/p>\n<p><span style=\"color: #000000;\">B\u1ea3o h\u00e0nh khung v\u00f5ng 10 n\u0103m ch\u00ednh h\u00e3ng Duy L\u1ee3i<\/span><br \/>\n<span style=\"color: #000000;\">Giao h\u00e0ng l\u1eafp \u0111\u1eb7t t\u1eadn nh\u00e0\u00a0<strong>SI\u00caU NHANH<\/strong>\u00a0v\u00e0\u00a0<strong>MI\u1ec4N PH\u00cd<\/strong>\u00a0t\u1ea1i TP.HCM.<\/span><br \/>\n<span style=\"color: #000000;\">Thanh to\u00e1n sau khi nh\u1eadn, ki\u1ec3m tra v\u00e0\u00a0<strong>H\u00c0I L\u00d2NG<\/strong>\u00a0v\u1edbi ch\u1ea5t l\u01b0\u1ee3ng s\u1ea3n ph\u1ea9m.<\/span><\/p>\n<p><span style=\"color: #000000;\"><strong>GI\u00c1 KHUY\u1ebeN M\u00c3I: 1.090.000 VN\u0110<\/strong><\/span><\/p>\n<p><span style=\"color: #000000;\"><strong>\u27a5\u00a0GI\u1ea2M TH\u00caM 20.000 VN\u0110 KHI MUA KHUNG V\u00d5NG + L\u01af\u1edaI V\u00d5NG<\/strong><\/span><\/p>\n<p><span style=\"color: #000000;\"><strong>\u27a5\u00a0GI\u1ea2M TI\u1ebeP 20.000 VN\u0110 KHI MUA T\u1ea0I C\u1ee6A H\u00c0NG\u00a0383\/54 L\u00ea \u0110\u1ee9c Th\u1ecd P.17 Q. G\u00f2 V\u1ea5p TP.HCM<\/strong><\/span><\/p>\n<p><span style=\"color: #000000;\"><strong>\u27a5\u00a0GI\u1ea2M TI\u1ebeP 50.000 VN\u0110 KHI MUA\u00a0<a style=\"color: #000000;\" href=\"https:\/\/vongxepgiare.com\/may-dua-vong-tu-dong-tot-nhat.html\">M\u00c1Y \u0110\u01afA V\u00d5NG\u00a0<\/a>+\u00a0<a style=\"color: #000000;\" href=\"https:\/\/vongxepgiare.com\/dai-ly-vong-xep\/\">KHUNG V\u00d5NG\u00a0<\/a>+\u00a0<a style=\"color: #000000;\" href=\"https:\/\/vongxepgiare.com\/luoi-vong-ban-mai\/\">L\u01af\u1edaI V\u00d5NG<\/a><\/strong><\/span><\/p>\n<p><span style=\"color: #000000;\"><strong>\u27a5 GI\u1ea2M TH\u00caM 10% GI\u00c1\u00a0<\/strong><a style=\"color: #000000;\" href=\"https:\/\/vongxepgiare.com\/noi-may-tre-dat-vong\/\" target=\"_blank\" rel=\"noopener noreferrer\">N\u00d4I M\u00c2Y TRE \u0110\u1ec2 V\u00d5NG<\/a><strong>\u00a0CH\u1ed0NG CONG L\u01afNG CHO B\u00c9<\/strong><\/span><\/p>\n<p><span style=\"color: #000000;\"><strong>\u27a5 GI\u1ea2M TI\u1ebeP 50% GI\u00c1 CHI\u1ebeU L\u00d3T V\u00d5NG CHO B\u00c9 KHI MUA C\u00d9NG V\u00d5NG X\u1ebeP<\/strong><\/span><\/p>\n<p><span style=\"color: #000000;\"><strong>\u27a5\u00a0MI\u1ec4N PH\u00cd GIAO H\u00c0NG SI\u00caU NHANH T\u1eacN NH\u00c0 KHI MUA KHUNG + L\u01af\u1edaI V\u00d5NG<\/strong><\/span><\/p>\n<p><span style=\"color: #000000;\"><strong>\u27a5 CAM K\u1ebeT GI\u00c1 R\u1eba NH\u1ea4T- H\u1eacU M\u00c3I B\u1ea2O H\u00c0NH CHU \u0110\u00c1O<\/strong><\/span><\/p>\n<p><span style=\"color: #000000;\"><a style=\"color: #000000;\" href=\"https:\/\/vongxepgiare.com\/vong-xep-duy-loi-khung-inox-co-nho.html?add-to-cart=2839\"><img loading=\"lazy\" class=\"lazy size-full wp-image-1974 aligncenter\" src=\"https:\/\/vongxepgiare.com\/wp-content\/uploads\/2015\/04\/DAT-MUA-HANG.jpg\" alt=\"\u0110\u1eb6T MUA H\u00c0NG\" width=\"580\" height=\"156\" data-lazy-type=\"image\" data-lazy-src=\"https:\/\/vongxepgiare.com\/wp-content\/uploads\/2015\/04\/DAT-MUA-HANG.jpg\" \/><\/a><\/span><\/p>\n<p><span style=\"color: #000000;\"><img loading=\"lazy\" class=\"lazy aligncenter size-full wp-image-4223\" src=\"https:\/\/vongxepgiare.com\/wp-content\/uploads\/2015\/09\/hotline-vong-xep.png\" sizes=\"(max-width: 550px) 100vw, 550px\" alt=\"hotline mua v\u00f5ng x\u1ebfp\" width=\"550\" height=\"78\" data-lazy-type=\"image\" data-lazy-src=\"https:\/\/vongxepgiare.com\/wp-content\/uploads\/2015\/09\/hotline-vong-xep.png\" data-lazy-srcset=\"https:\/\/vongxepgiare.com\/wp-content\/uploads\/2015\/09\/hotline-vong-xep.png 550w, https:\/\/vongxepgiare.com\/wp-content\/uploads\/2015\/09\/hotline-vong-xep-300x43.png 300w\" \/><\/span><\/p>\n<p><span style=\"color: #000000;\">Xem h\u00e0ng v\u00e0 mua tr\u1ef1c ti\u1ebfp t\u1ea1i c\u1eeda h\u00e0ng:\u00a0<strong>383\/54 L\u00ea \u0110\u1ee9c Th\u1ecd P.17 Q. G\u00f2 V\u1ea5p TP.HCM<\/strong><\/span><\/p>\n<p><span style=\"color: #000000;\">\u0110\u1ecba ch\u1ec9\u00a0<strong>c\u1eeda h\u00e0ng v\u00f5ng x\u1ebfp \u0110\u1ee9c L\u1ee3i<\/strong>. Nh\u1ea5p v\u00e0o ch\u1eef \u201cXem b\u1ea3n \u0111\u1ed3 l\u1edbn h\u01a1n\u201d \u0111\u1ec3 \u0111\u01b0\u1ee3c h\u01b0\u1edbng d\u1eabn \u0111\u01b0\u1eddng \u0111i t\u1edbi c\u1eeda h\u00e0ng.<\/span><\/p>\n","protected":false},"excerpt":{"rendered":"<p><span style=\"color: #000000;\"><strong>B\u1ed9 v\u00f5ng x\u1ebfp Duy L\u1ee3i khung Inox c\u1ee1 nh\u1ecf<\/strong> g\u1ed3m 1 khung v\u00f5ng INOX 100%. H\u1ed7 tr\u1ee3 giao h\u00e0ng t\u1eadn n\u01a1i t\u1ea1i TPHCM.<\/span><\/p>\n","protected":false},"featured_media":4719,"comment_status":"open","ping_status":"closed","template":"","meta":[],"_links":{"self":[{"href":"https:\/\/thietbitmg.com\/demo\/vongxep\/wp-json\/wp\/v2\/product\/4253"}],"collection":[{"href":"https:\/\/thietbitmg.com\/demo\/vongxep\/wp-json\/wp\/v2\/product"}],"about":[{"href":"https:\/\/thietbitmg.com\/demo\/vongxep\/wp-json\/wp\/v2\/types\/product"}],"replies":[{"embeddable":true,"href":"https:\/\/thietbitmg.com\/demo\/vongxep\/wp-json\/wp\/v2\/comments?post=4253"}],"wp:featuredmedia":[{"embeddable":true,"href":"https:\/\/thietbitmg.com\/demo\/vongxep\/wp-json\/wp\/v2\/media\/4719"}],"wp:attachment":[{"href":"https:\/\/thietbitmg.com\/demo\/vongxep\/wp-json\/wp\/v2\/media?parent=4253"}],"curies":[{"name":"wp","href":"https:\/\/api.w.org\/{rel}","templated":true}]}}