{"id":4256,"date":"2021-09-20T04:58:03","date_gmt":"2021-09-20T04:58:03","guid":{"rendered":"https:\/\/chuongdesigner.name.vn\/huyenhashop\/?post_type=product&#038;p=4256"},"modified":"2021-12-14T03:51:54","modified_gmt":"2021-12-14T03:51:54","slug":"giuong-bat-van-phong-dl-01-nika-tt06","status":"publish","type":"product","link":"https:\/\/thietbitmg.com\/demo\/vongxep\/giuong-bat-van-phong-dl-01-nika-tt06\/","title":{"rendered":"Gi\u01b0\u1eddng b\u1ea1t v\u0103n ph\u00f2ng DL 01 (NIKA TT06)"},"content":{"rendered":"<p><span style=\"color: #000000;\"><strong>Gi\u01b0\u1eddng x\u1ebfp b\u1ea1t v\u0103n ph\u00f2ng du l\u1ecbch DL-01 NIKA TT06<\/strong>\u00a0\u0111\u01b0\u1ee3c l\u00e0m t\u1eeb v\u1ea3i b\u1ea1t Th\u00e1i Lan chuy\u00ean d\u1ee5ng, si\u00eau b\u1ec1n, tho\u00e1ng m\u00e1t, kh\u00f4ng th\u1ea5m n\u01b0\u1edbc; khung b\u1eb1ng th\u00e9p s\u01a1n t\u0129nh \u0111i\u1ec7n.<\/span><\/p>\n<p><span style=\"color: #000000;\">\u01afu \u0111i\u1ec3m c\u1ee7a\u00a0<strong><a style=\"color: #000000;\" href=\"https:\/\/vongxepgiare.com\/giuong-xep-giuong-gap\/\">gi\u01b0\u1eddng x\u1ebfp<\/a><\/strong>\u00a0v\u0103n ph\u00f2ng DL 01 d\u1ec5 d\u00f9ng, thao t\u00e1c nhanh g\u1ecdn \u2013 d\u00f9ng m\u1ecdi \u0111\u1ecba h\u00ecnh (nhi\u1ec1u ch\u00e2n ) \u2013 khung c\u00f3 k\u1ebft c\u1ea5u d\u00e0n kh\u00f4ng gian \u2013 ch\u1eafc ch\u1eafn.<\/span><\/p>\n<p><span style=\"color: #000000;\"><img loading=\"lazy\" class=\"lazy aligncenter size-full wp-image-5712\" src=\"https:\/\/vongxepgiare.com\/wp-content\/uploads\/2016\/11\/giuong-xep-van-phong-xep-tien-loi.jpg\" sizes=\"(max-width: 550px) 100vw, 550px\" alt=\"Giuong xep van phong tien loi\" width=\"550\" height=\"550\" data-lazy-type=\"image\" data-lazy-src=\"https:\/\/vongxepgiare.com\/wp-content\/uploads\/2016\/11\/giuong-xep-van-phong-xep-tien-loi.jpg\" data-lazy-srcset=\"https:\/\/vongxepgiare.com\/wp-content\/uploads\/2016\/11\/giuong-xep-van-phong-xep-tien-loi.jpg 550w, https:\/\/vongxepgiare.com\/wp-content\/uploads\/2016\/11\/giuong-xep-van-phong-xep-tien-loi-150x150.jpg 150w, https:\/\/vongxepgiare.com\/wp-content\/uploads\/2016\/11\/giuong-xep-van-phong-xep-tien-loi-300x300.jpg 300w, https:\/\/vongxepgiare.com\/wp-content\/uploads\/2016\/11\/giuong-xep-van-phong-xep-tien-loi-180x180.jpg 180w, https:\/\/vongxepgiare.com\/wp-content\/uploads\/2016\/11\/giuong-xep-van-phong-xep-tien-loi-360x360.jpg 360w, https:\/\/vongxepgiare.com\/wp-content\/uploads\/2016\/11\/giuong-xep-van-phong-xep-tien-loi-263x263.jpg 263w, https:\/\/vongxepgiare.com\/wp-content\/uploads\/2016\/11\/giuong-xep-van-phong-xep-tien-loi-100x100.jpg 100w\" \/><\/span><\/p>\n<p><span style=\"color: #000000;\"><strong>MUA 1 C\u00c1I GI\u00c1: 799.000 VN\u0110<\/strong><\/span><\/p>\n<p><span style=\"color: #000000;\"><strong>MUA 02 \u2013 05 C\u00c1I GI\u00c1: 749.000 VN\u0110<\/strong><\/span><\/p>\n<p><span style=\"color: #000000;\"><strong>MUA TR\u00caN 05 C\u00c1I GI\u00c1: 699.000 VN\u0110<\/strong><\/span><\/p>\n<p><span style=\"color: #000000;\"><strong><img class=\"lazy\" src=\"https:\/\/ducloi.com.vn\/upload\/images\/hot.gif\" alt=\"KHUYEN MAI HOT\" data-lazy-type=\"image\" data-lazy-src=\"https:\/\/ducloi.com.vn\/upload\/images\/hot.gif\" \/>\u00a0CAM K\u1ebeT GI\u00c1 R\u1eba NH\u1ea4T \u2013 B\u1ea2O H\u00c0NH H\u1eacU M\u00c3I CHU \u0110\u00c1O<\/strong><\/span><\/p>\n<p><span style=\"color: #000000;\"><strong><img class=\"lazy\" src=\"https:\/\/ducloi.com.vn\/upload\/images\/hot.gif\" alt=\"KHUYEN MAI HOT\" data-lazy-type=\"image\" data-lazy-src=\"https:\/\/ducloi.com.vn\/upload\/images\/hot.gif\" \/><\/strong><strong>\u00a0GIAO H\u00c0NG SI\u00caU NHANH \u2013 G\u1eccI L\u00c0 C\u00d3 X\u00c0I<\/strong><\/span><\/p>\n<p><span style=\"color: #000000;\"><strong><img class=\"lazy\" src=\"https:\/\/ducloi.com.vn\/upload\/images\/hot.gif\" alt=\"KHUYEN MAI HOT\" data-lazy-type=\"image\" data-lazy-src=\"https:\/\/ducloi.com.vn\/upload\/images\/hot.gif\" \/><\/strong><strong>\u00a0GI\u1ea2M TH\u00caM 20.000 VN\u0110 KHI MUA T\u1ea0I C\u1ee6A H\u00c0NG\u00a0<\/strong><strong>261\/4 L\u00ea \u0110\u1ee9c Th\u1ecd<\/strong><strong>\u00a0P.17 Q. G\u00f2 V\u1ea5p TP.HCM<\/strong><\/span><\/p>\n<p><span style=\"color: #000000;\"><strong><img class=\"lazy\" src=\"https:\/\/ducloi.com.vn\/upload\/images\/hot.gif\" alt=\"KHUYEN MAI HOT\" data-lazy-type=\"image\" data-lazy-src=\"https:\/\/ducloi.com.vn\/upload\/images\/hot.gif\" \/><\/strong><strong>\u00a0GI\u1ea2M NGAY 5% GI\u00c1\u00a0<a style=\"color: #000000;\" href=\"https:\/\/vongxepgiare.com\/dai-ly-vong-xep\/\">V\u00d5NG X\u1ebeP<\/a>\u00a0KHI MUA C\u00d9NG GI\u01af\u1edcNG X\u1ebeP<\/strong><\/span><\/p>\n","protected":false},"excerpt":{"rendered":"<p><span style=\"color: #000000;\">\u01afu \u0111i\u1ec3m c\u1ee7a\u00a0<strong><a style=\"color: #000000;\" href=\"https:\/\/vongxepgiare.com\/giuong-xep-giuong-gap\/\">gi\u01b0\u1eddng x\u1ebfp<\/a><\/strong>\u00a0v\u0103n ph\u00f2ng DL 01 d\u1ec5 d\u00f9ng, thao t\u00e1c nhanh g\u1ecdn \u2013 d\u00f9ng m\u1ecdi \u0111\u1ecba h\u00ecnh (nhi\u1ec1u ch\u00e2n ) \u2013 khung c\u00f3 k\u1ebft c\u1ea5u d\u00e0n kh\u00f4ng gian \u2013 ch\u1eafc ch\u1eafn.<\/span><\/p>\n","protected":false},"featured_media":4613,"comment_status":"open","ping_status":"closed","template":"","meta":[],"_links":{"self":[{"href":"https:\/\/thietbitmg.com\/demo\/vongxep\/wp-json\/wp\/v2\/product\/4256"}],"collection":[{"href":"https:\/\/thietbitmg.com\/demo\/vongxep\/wp-json\/wp\/v2\/product"}],"about":[{"href":"https:\/\/thietbitmg.com\/demo\/vongxep\/wp-json\/wp\/v2\/types\/product"}],"replies":[{"embeddable":true,"href":"https:\/\/thietbitmg.com\/demo\/vongxep\/wp-json\/wp\/v2\/comments?post=4256"}],"wp:featuredmedia":[{"embeddable":true,"href":"https:\/\/thietbitmg.com\/demo\/vongxep\/wp-json\/wp\/v2\/media\/4613"}],"wp:attachment":[{"href":"https:\/\/thietbitmg.com\/demo\/vongxep\/wp-json\/wp\/v2\/media?parent=4256"}],"curies":[{"name":"wp","href":"https:\/\/api.w.org\/{rel}","templated":true}]}}