{"id":4260,"date":"2021-09-20T05:00:22","date_gmt":"2021-09-20T05:00:22","guid":{"rendered":"https:\/\/chuongdesigner.name.vn\/huyenhashop\/?post_type=product&#038;p=4260"},"modified":"2021-12-14T03:51:54","modified_gmt":"2021-12-14T03:51:54","slug":"xe-dap-gap-galaxy-hk1-mau-den-do","status":"publish","type":"product","link":"https:\/\/thietbitmg.com\/demo\/vongxep\/xe-dap-gap-galaxy-hk1-mau-den-do\/","title":{"rendered":"XE \u0110\u1ea0P G\u1ea4P GALAXY HK1 \u2013 M\u00c0U \u0110EN \u0110\u1ece"},"content":{"rendered":"<p><span style=\"color: #000000;\"><strong>Gh\u1ebf x\u1ebfp th\u01b0 gi\u00e3n \u0110\u1ee9c L\u1ee3i 138<\/strong>\u00a0lo\u1ea1i\u00a0<a style=\"color: #000000;\" href=\"https:\/\/vongxepgiare.com\/ghe-bo-xep-nam-gia-re\/\">gh\u1ebf x\u1ebfp<\/a>\u00a0tay v\u1ecbn k\u00edch th\u01b0\u1edbc nh\u1ecf g\u1ecdn, thi\u1ebft k\u1ebf th\u00f4ng minh v\u00e0 v\u00f4 c\u00f9ng ti\u1ec7n l\u1ee3i, d\u00f9 \u0111ang n\u1eb1m hay ng\u1ed3i, ch\u1ec9 c\u1ea7n v\u1edbi 1 c\u00e1i \u0111\u1ea9y nh\u1eb9 b\u1ea1n c\u00f3 th\u1ec3 d\u1ec5 d\u00e0ng thay \u0111\u1ed5i \u0111\u01b0\u1ee3c t\u01b0 th\u1ebf \u0111ang s\u1eed d\u1ee5ng.<\/span><\/p>\n<p><span style=\"color: #000000;\">Khung gh\u1ebf v\u00f4 c\u00f9ng ch\u1eafc ch\u1eafn ch\u1ecbu l\u1ef1c l\u00ean t\u1edbi 200kg si\u00eau ch\u1eafc v\u00e0 si\u00eau b\u1ec1n.<\/span><\/p>\n<p><span style=\"color: #000000;\">V\u1ea3i b\u1ea1t si\u00eau b\u1ec1n, tho\u00e1ng m\u00e1t, kh\u00f4ng th\u1ea5m n\u01b0\u1edbc, ch\u1ecbu n\u1eafng gi\u00f3.<\/span><\/p>\n<p><span style=\"color: #000000;\">Ki\u1ec3u d\u00e1ng trang nh\u00e3, h\u1ee3p th\u1eddi trang c\u00f3 th\u1ec3 \u0111\u1ec3 \u1edf ph\u00f2ng kh\u00e1ch, ph\u00f2ng ng\u1ee7, s\u00e2n v\u01b0\u1eddn hay b\u1ea5t c\u1ee9 n\u01a1i n\u00e0o trong nh\u00e0 b\u1ea1n.<\/span><\/p>\n<p><span style=\"color: #000000;\">Ngo\u00e0i ra, v\u1edbi t\u00ednh c\u01a1 \u0111\u1ed9ng cao,\u00a0x\u1ebfp g\u1ecdn \u0111\u01b0\u1ee3c d\u1ec5 d\u00e0ng khi kh\u00f4ng s\u1eed d\u1ee5ng, r\u1ea5t ph\u00f9 h\u1ee3p v\u1edbi nh\u00e0 \u1edf c\u00f3 kh\u00f4ng gian h\u1eb9p hay kh\u00e1ch s\u1ea1n, b\u1ec7nh vi\u1ec7n, v\u0103n ph\u00f2ng l\u00e0m vi\u1ec7c\u2026 d\u00f9ng l\u00e0m gi\u01b0\u1eddng d\u1ef1 ph\u00f2ng ho\u1eb7c ngh\u1ec9 tr\u01b0a.<\/span><\/p>\n<p>&nbsp;<\/p>\n<p><span style=\"color: #000000;\"><img loading=\"lazy\" class=\"lazy aligncenter size-full wp-image-4324\" src=\"https:\/\/vongxepgiare.com\/wp-content\/uploads\/2016\/06\/ghe-xep-da-nang-nikata.jpg\" sizes=\"(max-width: 550px) 100vw, 550px\" alt=\"ghe xep da nang nikata\" width=\"550\" height=\"417\" data-lazy-type=\"image\" data-lazy-src=\"https:\/\/vongxepgiare.com\/wp-content\/uploads\/2016\/06\/ghe-xep-da-nang-nikata.jpg\" data-lazy-srcset=\"https:\/\/vongxepgiare.com\/wp-content\/uploads\/2016\/06\/ghe-xep-da-nang-nikata.jpg 550w, https:\/\/vongxepgiare.com\/wp-content\/uploads\/2016\/06\/ghe-xep-da-nang-nikata-300x227.jpg 300w\" \/><\/span><\/p>\n<p>&nbsp;<\/p>\n<h4><span style=\"color: #000000;\">TH\u00d4NG TIN CHI TI\u1ebeT GH\u1ebe X\u1ebeP TH\u01af GI\u00c3N \u0110\u1ee8C L\u1ee2I 138\u00a0KI\u1ec2U M\u1edaI 2016<\/span><\/h4>\n<p><span style=\"color: #000000;\">T\u00ean s\u1ea3n ph\u1ea9m:\u00a0<strong>Gh\u1ebf x\u1ebfp th\u01b0 gi\u00e3n \u0110\u1ee9c L\u1ee3i\u00a0138 ki\u1ec3u 2016<\/strong><\/span><br \/>\n<span style=\"color: #000000;\">Xu\u1ea5t x\u1ee9 : Vi\u1ec7t Nam<\/span><br \/>\n<span style=\"color: #000000;\">Th\u01b0\u01a1ng hi\u1ec7u :\u00a0\u0110\u1ee9c L\u1ee3i<\/span><br \/>\n<span style=\"color: #000000;\">Nh\u00e0 ph\u00e2n ph\u1ed1i:\u00a0<a style=\"color: #000000;\" href=\"http:\/\/ducloi.com.vn\/\" target=\"_blank\" rel=\"noopener noreferrer\"><strong>C\u1eeda h\u00e0ng \u0110\u1ee9c L\u1ee3i<\/strong><\/a><\/span><br \/>\n<span style=\"color: #000000;\">Tr\u1ecdng L\u01b0\u1ee3ng : 7kg<\/span><br \/>\n<span style=\"color: #000000;\">T\u1ea3i tr\u1ecdng t\u0129nh : 90kg<\/span><br \/>\n<span style=\"color: #000000;\">K\u00edch th\u01b0\u1edbc s\u1eed d\u1ee5ng:\u00a0<strong>D\u00e0i 160cm x r\u1ed9ng 52cm (+tay v\u1ecbn: 63cm) x cao 95cm<\/strong><\/span><br \/>\n<span style=\"color: #000000;\">Ch\u1ea5t li\u1ec7u khung:\u00a0<strong>Khung th\u00e9p\u00a0s\u01a1n t\u0129nh \u0111i\u1ec7n m\u00e0u\u00a0b\u1ea1c<\/strong><\/span><br \/>\n<span style=\"color: #000000;\">Ch\u1ea5t li\u1ec7u v\u1ea3i :\u00a0<strong>V\u1ea3i\u00a0b\u1ea1t Th\u00e1i Lan\u00a0si\u00eau b\u1ec1n, tho\u00e1ng m\u00e1t, kh\u00f4ng th\u1ea5m n\u01b0\u1edbc, m\u00e0u \u0111en s\u1ea1ch s\u1ebd.<\/strong><\/span><\/p>\n<p><span style=\"color: #000000;\">B\u1ea3o h\u00e0nh khung gh\u1ebf 6 th\u00e1ng. Mi\u1ec5n ph\u00ed ti\u1ec1n c\u00f4ng s\u1eefa ch\u1eefa trong v\u00f2ng 5 n\u0103m.<\/span><br \/>\n<span style=\"color: #000000;\">Giao h\u00e0ng v\u00e0 l\u1eafp \u0111\u1eb7t t\u1eadn nh\u00e0\u00a0<strong>SI\u00caU NHANH<\/strong>\u00a0v\u00e0\u00a0<strong>MI\u1ec4N PH\u00cd<\/strong>\u00a0t\u1ea1i TP.HCM.<\/span><br \/>\n<span style=\"color: #000000;\">Thanh to\u00e1n sau khi nh\u1eadn, ki\u1ec3m tra v\u00e0\u00a0<strong>H\u00c0I L\u00d2NG<\/strong>\u00a0v\u1edbi ch\u1ea5t l\u01b0\u1ee3ng s\u1ea3n ph\u1ea9m.<\/span><br \/>\n<span style=\"color: #000000;\">\u0110\u1ed5i h\u00e0ng\u00a0<strong>T\u1eacN N\u01a0I<\/strong>\u00a0Mi\u1ec5n Ph\u00ed trong v\u00f2ng 24\u00a0ng\u00e0y n\u1ebfu b\u1ecb l\u1ed7i k\u0129 thu\u1eadt.<\/span><\/p>\n","protected":false},"excerpt":{"rendered":"<p><span style=\"color: #000000;\"><strong>Gh\u1ebf x\u1ebfp th\u01b0 gi\u00e3n \u0110\u1ee9c L\u1ee3i 138<\/strong>\u00a0lo\u1ea1i\u00a0<a style=\"color: #000000;\" href=\"https:\/\/vongxepgiare.com\/ghe-bo-xep-nam-gia-re\/\">gh\u1ebf x\u1ebfp<\/a>\u00a0tay v\u1ecbn k\u00edch th\u01b0\u1edbc nh\u1ecf g\u1ecdn, thi\u1ebft k\u1ebf th\u00f4ng minh v\u00e0 v\u00f4 c\u00f9ng ti\u1ec7n l\u1ee3i, d\u00f9 \u0111ang n\u1eb1m hay ng\u1ed3i, ch\u1ec9 c\u1ea7n v\u1edbi 1 c\u00e1i \u0111\u1ea9y nh\u1eb9 b\u1ea1n c\u00f3 th\u1ec3 d\u1ec5 d\u00e0ng thay \u0111\u1ed5i \u0111\u01b0\u1ee3c t\u01b0 th\u1ebf \u0111ang s\u1eed d\u1ee5ng.<\/span><\/p>\n","protected":false},"featured_media":5024,"comment_status":"open","ping_status":"closed","template":"","meta":[],"_links":{"self":[{"href":"https:\/\/thietbitmg.com\/demo\/vongxep\/wp-json\/wp\/v2\/product\/4260"}],"collection":[{"href":"https:\/\/thietbitmg.com\/demo\/vongxep\/wp-json\/wp\/v2\/product"}],"about":[{"href":"https:\/\/thietbitmg.com\/demo\/vongxep\/wp-json\/wp\/v2\/types\/product"}],"replies":[{"embeddable":true,"href":"https:\/\/thietbitmg.com\/demo\/vongxep\/wp-json\/wp\/v2\/comments?post=4260"}],"wp:featuredmedia":[{"embeddable":true,"href":"https:\/\/thietbitmg.com\/demo\/vongxep\/wp-json\/wp\/v2\/media\/5024"}],"wp:attachment":[{"href":"https:\/\/thietbitmg.com\/demo\/vongxep\/wp-json\/wp\/v2\/media?parent=4260"}],"curies":[{"name":"wp","href":"https:\/\/api.w.org\/{rel}","templated":true}]}}