{"id":4673,"date":"2021-10-20T14:47:00","date_gmt":"2021-10-20T14:47:00","guid":{"rendered":"https:\/\/chuongdesigner.name.vn\/vongxep\/?post_type=product&#038;p=4673"},"modified":"2021-10-20T14:48:47","modified_gmt":"2021-10-20T14:48:47","slug":"khung-vong-inox-ban-mai","status":"publish","type":"product","link":"https:\/\/thietbitmg.com\/demo\/vongxep\/khung-vong-inox-ban-mai\/","title":{"rendered":"Khung v\u00f5ng Inox Ban Mai"},"content":{"rendered":"<p><span style=\"color: #000000;\"><strong>Khung v\u00f5ng Inox Ban Mai<\/strong>\u00a0c\u1ee1 ng\u01b0\u1eddi l\u1edbn \u0111\u01b0\u1ee3c l\u00e0m b\u1eb1ng khung inox s\u00e1ng b\u00f3ng, sang tr\u1ecdng, kh\u00f4ng r\u1ec9 s\u00e9t, khung v\u00f5ng c\u1ee9ng c\u00e1p, s\u1eed d\u1ee5ng \u1ed5n \u0111\u1ecbnh trong nhi\u1ec1u n\u0103m. H\u1ed7 tr\u1ee3 giao h\u00e0ng v\u00e0 l\u1eafp \u0111\u1eb7t t\u1eadn nh\u00e0. B\u1ea3o h\u00e0nh ch\u00ednh h\u00e3ng 12 th\u00e1ng. \u01afu \u0111i\u1ec3m l\u1edbn nh\u1ea5t c\u1ee7a s\u1ea3n ph\u1ea9m n\u00e0y ch\u00ednh l\u00e0 gi\u00e1 r\u1ebb, inox s\u00e1ng b\u00f3ng, \u0111\u1eb9p s\u1ea1ch s\u1ebd,\u00a0thi\u1ebft k\u1ebf nh\u1ecf g\u1ecdn d\u1ec5 mang \u0111i xa khi c\u1ea7n.<\/span><\/p>\n<p><span style=\"color: #000000;\"><img loading=\"lazy\" class=\"lazy size-full wp-image-2413 aligncenter\" src=\"https:\/\/vongxepgiare.com\/wp-content\/uploads\/2015\/04\/vong-xep-ban-mai-khung-inox.jpg\" sizes=\"(max-width: 600px) 100vw, 600px\" alt=\"V\u00f5ng x\u1ebfp Ban Mai inox\" width=\"600\" height=\"358\" data-lazy-type=\"image\" data-lazy-src=\"https:\/\/vongxepgiare.com\/wp-content\/uploads\/2015\/04\/vong-xep-ban-mai-khung-inox.jpg\" data-lazy-srcset=\"https:\/\/vongxepgiare.com\/wp-content\/uploads\/2015\/04\/vong-xep-ban-mai-khung-inox.jpg 600w, https:\/\/vongxepgiare.com\/wp-content\/uploads\/2015\/04\/vong-xep-ban-mai-khung-inox-300x179.jpg 300w\" \/><\/span><\/p>\n<h4><span style=\"color: #000000;\">TH\u00d4NG S\u1ed0 K\u0128 THU\u1eacT C\u1ee6A KHUNG V\u00d5NG X\u1ebeP INOX BAN MAI<\/span><\/h4>\n<p><span style=\"color: #000000;\">M\u00e3 s\u1ea3n ph\u1ea9m:\u00a0<strong>Khung v\u00f5ng Inox Ban Mai<\/strong><\/span><br \/>\n<span style=\"color: #000000;\">Xu\u1ea5t x\u1ee9 : Vi\u1ec7t Nam<\/span><br \/>\n<span style=\"color: #000000;\">Th\u01b0\u01a1ng hi\u1ec7u :\u00a0<a style=\"color: #000000;\" href=\"https:\/\/vongxepgiare.com\/vong-xep-ban-mai\/\" target=\"_blank\" rel=\"noopener noreferrer\">Ban Mai<\/a><\/span><br \/>\n<span style=\"color: #000000;\">Tr\u1ecdng L\u01b0\u1ee3ng : 7 \u2013 10kg<\/span><br \/>\n<span style=\"color: #000000;\">T\u1ea3i tr\u1ecdng t\u0129nh : 250kg<\/span><br \/>\n<span style=\"color: #000000;\">K\u00edch th\u01b0\u1edbc khi \u0111\u00f3ng g\u00f3i: 113 x 14.5 x 19.5 cm<\/span><br \/>\n<span style=\"color: #000000;\">Chi\u1ec1u d\u00e0i KHUNG khi s\u1eed d\u1ee5ng: d\u00e0i 259 x r\u1ed9ng 74,5 x cao 79,0 cm<\/span><br \/>\n<span style=\"color: #000000;\">Chi\u1ec1u d\u00e0i L\u01af\u1edaI: r\u1ed9ng 175 x d\u00e0i 240 cm<\/span><br \/>\n<span style=\"color: #000000;\">K\u00edch th\u01b0\u1edbc l\u01b0\u1edbi : 150 x 250cm<\/span><br \/>\n<span style=\"color: #000000;\">M\u00e0u l\u01b0\u1edbi:\u00a0<strong>Xanh l\u00e1<\/strong>\u00a0\u2013\u00a0<strong>Xanh thi\u00ean thanh<\/strong>\u00a0\u2013\u00a0<strong>M\u00e0u v\u00e0ng<\/strong>\u00a0\u2013\u00a0<strong>S\u1ecdc nhi\u1ec1u m\u00e0u<\/strong><\/span><br \/>\n<span style=\"color: #000000;\">Ki\u1ec3u d\u00e1ng : Ki\u1ec3u khung v\u00f5ng c\u1ee1 ng\u01b0\u1eddi l\u1edbn<\/span><br \/>\n<span style=\"color: #000000;\">Ch\u1ea5t li\u1ec7u khung : 100% Inox 201 phi 27 s\u00e1ng b\u00f3ng, kh\u00f4ng g\u1ec9, kh\u00f4ng h\u00edt nam ch\u00e2m.<\/span><br \/>\n<span style=\"color: #000000;\">T\u00fai x\u00e1ch \u0111\u1ef1ng v\u00f5ng: C\u00f3 t\u00fai x\u00e1ch \u0111\u1ef1ng v\u00f5ng t\u1eb7ng k\u00e8m theo. Ti\u1ec7n l\u1ee3i khi mang \u0111i xa<\/span><br \/>\n<span style=\"color: #000000;\">Ch\u1ea5t li\u1ec7u l\u01b0\u1edbi : Khung v\u00f5ng ch\u01b0a g\u1ed3m l\u01b0\u1edbi. Ch\u1ecdn mua th\u00eam l\u01b0\u1edbi v\u00f5ng t\u1ea1i:\u00a0<a style=\"color: #000000;\" title=\"luoi vong ban mai\" href=\"https:\/\/vongxepgiare.com\/luoi-vong-ban-mai\/\" target=\"_blank\" rel=\"noopener noreferrer\"><strong>L\u01b0\u1edbi v\u00f5ng Ban Mai<\/strong><\/a><\/span><br \/>\n<span style=\"color: #000000;\">Ch\u1ee9ng nh\u1eadn ch\u1ea5t l\u01b0\u1ee3ng : Bureau Veritas, trung t\u00e2m 3<\/span><\/p>\n<p><span style=\"color: #000000;\">B\u1ea3o h\u00e0nh khung v\u00f5ng 12 th\u00e1ng. Mi\u1ec5n ph\u00ed ti\u1ec1n c\u00f4ng s\u1eefa ch\u1eefa trong v\u00f2ng 5 n\u0103m.<\/span><br \/>\n<span style=\"color: #000000;\">Giao h\u00e0ng v\u00e0 l\u1eafp \u0111\u1eb7t t\u1eadn nh\u00e0\u00a0<strong>SI\u00caU NHANH<\/strong>\u00a0v\u00e0\u00a0<strong>MI\u1ec4N PH\u00cd<\/strong>\u00a0t\u1ea1i TP.HCM.<\/span><br \/>\n<span style=\"color: #000000;\">Thanh to\u00e1n sau khi nh\u1eadn, ki\u1ec3m tra v\u00e0\u00a0<strong>H\u00c0I L\u00d2NG<\/strong>\u00a0v\u1edbi ch\u1ea5t l\u01b0\u1ee3ng s\u1ea3n ph\u1ea9m.<\/span><br \/>\n<span style=\"color: #000000;\">\u0110\u1ed5i h\u00e0ng\u00a0<strong>T\u1eacN N\u01a0I<\/strong>\u00a0Mi\u1ec5n Ph\u00ed trong v\u00f2ng 7 ng\u00e0y n\u1ebfu b\u1ecb l\u1ed7i k\u0129 thu\u1eadt. Th\u1ee7 t\u1ee5c nhanh g\u1ecdn l\u1eb9<\/span><\/p>\n<p><span style=\"color: #000000;\"><strong>GI\u00c1 KHUY\u1ebeN M\u00c3I: 560.000 VN\u0110<\/strong><\/span><\/p>\n<p><span style=\"color: #000000;\"><strong><img class=\"lazy\" src=\"https:\/\/ducloi.com.vn\/upload\/images\/hot.gif\" alt=\"KHUYEN MAI HOT\" data-lazy-type=\"image\" data-lazy-src=\"https:\/\/ducloi.com.vn\/upload\/images\/hot.gif\" \/>\u00a0CAM K\u1ebeT GI\u00c1 R\u1eba NH\u1ea4T \u2013 B\u1ea2O H\u00c0NH H\u1eacU M\u00c3I CHU \u0110\u00c1O<\/strong><\/span><\/p>\n<p><span style=\"color: #000000;\"><strong><img class=\"lazy\" src=\"https:\/\/ducloi.com.vn\/upload\/images\/hot.gif\" alt=\"KHUYEN MAI HOT\" data-lazy-type=\"image\" data-lazy-src=\"https:\/\/ducloi.com.vn\/upload\/images\/hot.gif\" \/><\/strong><strong>\u00a0GIAO H\u00c0NG SI\u00caU NHANH \u2013 G\u1eccI L\u00c0 C\u00d3 X\u00c0I<\/strong><\/span><\/p>\n<p><span style=\"color: #000000;\"><strong><img class=\"lazy\" src=\"https:\/\/ducloi.com.vn\/upload\/images\/hot.gif\" alt=\"KHUYEN MAI HOT\" data-lazy-type=\"image\" data-lazy-src=\"https:\/\/ducloi.com.vn\/upload\/images\/hot.gif\" \/><\/strong><strong>\u00a0GI\u1ea2M TH\u00caM 20.000 VN\u0110 KHI MUA T\u1ea0I C\u1ee6A H\u00c0NG\u00a0<\/strong><strong>261\/4 L\u00ea \u0110\u1ee9c Th\u1ecd<\/strong><strong>\u00a0P.17 Q. G\u00f2 V\u1ea5p TP.HCM<\/strong><\/span><\/p>\n<p><span style=\"color: #000000;\"><strong><img class=\"lazy\" src=\"https:\/\/ducloi.com.vn\/upload\/images\/hot.gif\" alt=\"KHUYEN MAI HOT\" data-lazy-type=\"image\" data-lazy-src=\"https:\/\/ducloi.com.vn\/upload\/images\/hot.gif\" \/><\/strong><strong>\u00a0GI\u1ea2M NGAY 5% GI\u00c1\u00a0<a style=\"color: #000000;\" href=\"https:\/\/vongxepgiare.com\/dai-ly-vong-xep\/\">V\u00d5NG X\u1ebeP<\/a>\u00a0KHI MUA C\u00d9NG GI\u01af\u1edcNG X\u1ebeP<\/strong><\/span><\/p>\n","protected":false},"excerpt":{"rendered":"<p><span style=\"color: #000000;\"><strong>Khung v\u00f5ng Inox Ban Mai<\/strong>\u00a0c\u1ee1 ng\u01b0\u1eddi l\u1edbn \u0111\u01b0\u1ee3c l\u00e0m b\u1eb1ng khung inox s\u00e1ng b\u00f3ng, sang tr\u1ecdng, kh\u00f4ng r\u1ec9 s\u00e9t, khung v\u00f5ng c\u1ee9ng c\u00e1p, s\u1eed d\u1ee5ng \u1ed5n \u0111\u1ecbnh trong nhi\u1ec1u n\u0103m. H\u1ed7 tr\u1ee3 giao h\u00e0ng v\u00e0 l\u1eafp \u0111\u1eb7t t\u1eadn nh\u00e0. B\u1ea3o h\u00e0nh ch\u00ednh h\u00e3ng 12 th\u00e1ng. \u01afu \u0111i\u1ec3m l\u1edbn nh\u1ea5t c\u1ee7a s\u1ea3n ph\u1ea9m n\u00e0y ch\u00ednh l\u00e0 gi\u00e1 r\u1ebb, inox s\u00e1ng b\u00f3ng, \u0111\u1eb9p s\u1ea1ch s\u1ebd,\u00a0thi\u1ebft k\u1ebf nh\u1ecf g\u1ecdn d\u1ec5 mang \u0111i xa khi c\u1ea7n.<\/span><\/p>\n","protected":false},"featured_media":4674,"comment_status":"open","ping_status":"closed","template":"","meta":[],"_links":{"self":[{"href":"https:\/\/thietbitmg.com\/demo\/vongxep\/wp-json\/wp\/v2\/product\/4673"}],"collection":[{"href":"https:\/\/thietbitmg.com\/demo\/vongxep\/wp-json\/wp\/v2\/product"}],"about":[{"href":"https:\/\/thietbitmg.com\/demo\/vongxep\/wp-json\/wp\/v2\/types\/product"}],"replies":[{"embeddable":true,"href":"https:\/\/thietbitmg.com\/demo\/vongxep\/wp-json\/wp\/v2\/comments?post=4673"}],"wp:featuredmedia":[{"embeddable":true,"href":"https:\/\/thietbitmg.com\/demo\/vongxep\/wp-json\/wp\/v2\/media\/4674"}],"wp:attachment":[{"href":"https:\/\/thietbitmg.com\/demo\/vongxep\/wp-json\/wp\/v2\/media?parent=4673"}],"curies":[{"name":"wp","href":"https:\/\/api.w.org\/{rel}","templated":true}]}}