{"id":4675,"date":"2021-10-20T14:49:53","date_gmt":"2021-10-20T14:49:53","guid":{"rendered":"https:\/\/chuongdesigner.name.vn\/vongxep\/?post_type=product&#038;p=4675"},"modified":"2021-10-20T14:51:30","modified_gmt":"2021-10-20T14:51:30","slug":"khung-vong-xep-truong-tho-thep-son-tinh-dien","status":"publish","type":"product","link":"https:\/\/thietbitmg.com\/demo\/vongxep\/khung-vong-xep-truong-tho-thep-son-tinh-dien\/","title":{"rendered":"Khung v\u00f5ng x\u1ebfp Tr\u01b0\u1eddng Th\u1ecd th\u00e9p s\u01a1n t\u0129nh \u0111i\u1ec7n"},"content":{"rendered":"<p><span style=\"color: #000000;\">Khung v\u00f5ng x\u1ebfp Tr\u01b0\u1eddng Th\u1ecd th\u00e9p s\u01a1n t\u0129nh \u0111i\u1ec7n c\u1ee1 l\u1edbn k\u00edch th\u01b0\u1edbc: D\u00e0i 250cmxR\u1ed9ng 70cmxCao 80cm, th\u00edch h\u1ee3p s\u1eed d\u1ee5ng cho ng\u01b0\u1eddi l\u1edbn v\u00e0 tr\u1ebb em. Khung v\u00f5ng \u0111\u01b0\u1ee3c l\u00e0m b\u1eb1ng th\u00e9p r\u1ea5t d\u00e0y v\u00e0 c\u1ee9ng, l\u1edbp s\u01a1n t\u0129nh \u0111i\u1ec7n gi\u00fap v\u00f5ng kh\u00f4ng b\u1ecb r\u1ec9 s\u00e9t sau th\u1eddi gian d\u00e0i s\u1eed d\u1ee5ng. Thi\u1ebft k\u1ebf \u0111\u1ed9c quy\u1ec1n Tr\u01b0\u1eddng Th\u1ecd r\u1ea5t v\u1eefng ch\u1eafc kh\u00f4ng b\u1ecb rung n\u1ea3y, x\u00ea d\u1ecbch khi \u0111ung \u0111\u01b0a v\u00f5ng. B\u1ea3o h\u00e0nh ch\u00ednh h\u00e3ng v\u00f5ng x\u1ebfp Tr\u01b0\u1eddng Th\u1ecd 5 n\u0103m. H\u1ed7 tr\u1ee3 giao h\u00e0ng l\u1eafp \u0111\u1eb7t Mi\u1ec5n Ph\u00ed t\u1eadn n\u01a1i khi mua h\u00e0ng t\u1ea1i vongxepgiare.com<\/span><\/p>\n<p><span style=\"color: #000000;\"><img loading=\"lazy\" class=\"lazy aligncenter size-full wp-image-3036\" src=\"https:\/\/vongxepgiare.com\/wp-content\/uploads\/2015\/12\/khung-vong-xep-son-tinh-dien-truong-tho.jpg\" sizes=\"(max-width: 615px) 100vw, 615px\" alt=\"khung vong xep son tinh dien truong tho\" width=\"615\" height=\"370\" data-lazy-type=\"image\" data-lazy-src=\"https:\/\/vongxepgiare.com\/wp-content\/uploads\/2015\/12\/khung-vong-xep-son-tinh-dien-truong-tho.jpg\" data-lazy-srcset=\"https:\/\/vongxepgiare.com\/wp-content\/uploads\/2015\/12\/khung-vong-xep-son-tinh-dien-truong-tho.jpg 615w, https:\/\/vongxepgiare.com\/wp-content\/uploads\/2015\/12\/khung-vong-xep-son-tinh-dien-truong-tho-300x180.jpg 300w\" \/><\/span><\/p>\n<h4><span style=\"color: #000000;\">TH\u00d4NG TIN CHI TI\u1ebeT KHUNG V\u00d5NG X\u1ebeP TR\u01af\u1edcNG TH\u1ecc TH\u00c9P S\u01a0N T\u0128NH \u0110I\u1ec6N<\/span><\/h4>\n<p><span style=\"color: #000000;\">Xu\u1ea5t x\u1ee9 : Vi\u1ec7t Nam<\/span><br \/>\n<span style=\"color: #000000;\">Th\u01b0\u01a1ng hi\u1ec7u :\u00a0<strong><a style=\"color: #000000;\" href=\"https:\/\/vongxepgiare.com\/vong-xep-truong-tho\/\" target=\"_blank\" rel=\"noopener noreferrer\">V\u00f5ng x\u1ebfp Tr\u01b0\u1eddng Th\u1ecd<\/a><\/strong><\/span><br \/>\n<span style=\"color: #000000;\">Tr\u1ecdng L\u01b0\u1ee3ng : 10kg<\/span><br \/>\n<span style=\"color: #000000;\">T\u1ea3i tr\u1ecdng t\u0129nh : 250kg<\/span><br \/>\n<span style=\"color: #000000;\">K\u00edch th\u01b0\u1edbc khi \u0111\u00f3ng g\u00f3i: 113 x 14.5 x 19.5 cm<\/span><br \/>\n<span style=\"color: #000000;\">Chi\u1ec1u d\u00e0i KHUNG khi s\u1eed d\u1ee5ng: d\u00e0i 250 x r\u1ed9ng 70 x cao 80 cm<\/span><br \/>\n<span style=\"color: #000000;\">Ki\u1ec3u d\u00e1ng : Ki\u1ec3u d\u00e1ng thi\u1ebft k\u1ebf \u0111\u1ed9c quy\u1ec1n Tr\u01b0\u1eddng Th\u1ecd, thi\u1ebft k\u1ebf \u0111\u1eb9p v\u00e0 ch\u1eafc ch\u1eafn kh\u00f4ng rung n\u1ea3y x\u00ea d\u1ecbch khi \u0111ung \u0111\u01b0a.<\/span><br \/>\n<span style=\"color: #000000;\">Ch\u1ea5t li\u1ec7u khung :\u00a0 Khung th\u00e9p d\u00e0y 1,2mm s\u01a1n t\u0129nh \u0111i\u1ec7n ch\u1ed1ng r\u1ec9 s\u00e9t. Khung v\u00f5ng r\u1ea5t d\u00e0y v\u00e0 ch\u1eafc ch\u1eafn. Khung v\u00f5ng cao c\u1ea5p kh\u00f4ng tr\u1ea7y x\u01b0\u1edbc.<\/span><br \/>\n<span style=\"color: #000000;\">Ch\u1ea5t li\u1ec7u l\u01b0\u1edbi: Khung v\u00f5ng ch\u01b0a g\u1ed3m l\u01b0\u1edbi. Mua th\u00eam l\u01b0\u1edbi t\u1ea1i \u0111\u00e2y:\u00a0<a style=\"color: #000000;\" href=\"https:\/\/vongxepgiare.com\/luoi-vong-ban-mai\/\" target=\"_blank\" rel=\"noopener noreferrer\">L\u01b0\u1edbi v\u00f5ng gi\u00e1 r\u1ebb<\/a><\/span><\/p>\n<p><span style=\"color: #000000;\">Cam k\u1ebft h\u00e0ng ch\u00ednh h\u00e3ng\u00a0<strong>v\u00f5ng x\u1ebfp Tr\u01b0\u1eddng Th\u1ecd<\/strong>. Gi\u00e1 r\u1ebb nh\u1ea5t th\u1ecb tr\u01b0\u1eddng.<\/span><br \/>\n<span style=\"color: #000000;\">B\u1ea3o h\u00e0nh ch\u00ednh h\u00e3ng 12 th\u00e1ng<\/span><br \/>\n<span style=\"color: #000000;\">H\u1ed7 tr\u1ee3 giao h\u00e0ng l\u1eafp \u0111\u1eb7t t\u1eadn n\u01a1i t\u1ea1i TPHCM.<\/span><br \/>\n<span style=\"color: #000000;\">\u0110\u1ed5i tr\u1ea3 h\u00e0ng Mi\u1ec5n Ph\u00ed trong v\u00f2ng 7 ng\u00e0y k\u1ec3 t\u1eeb ng\u00e0y mua.<\/span><\/p>\n<p><span style=\"color: #000000;\"><strong>GI\u00c1 KHUY\u1ebeN M\u00c3I: 579.000 VN\u0110<\/strong><\/span><\/p>\n<p><span style=\"color: #000000;\"><strong><img class=\"lazy\" src=\"https:\/\/ducloi.com.vn\/upload\/images\/hot.gif\" alt=\"KHUYEN MAI HOT\" data-lazy-type=\"image\" data-lazy-src=\"https:\/\/ducloi.com.vn\/upload\/images\/hot.gif\" \/>\u00a0CAM K\u1ebeT GI\u00c1 R\u1eba NH\u1ea4T \u2013 B\u1ea2O H\u00c0NH H\u1eacU M\u00c3I CHU \u0110\u00c1O<\/strong><\/span><\/p>\n<p><span style=\"color: #000000;\"><strong><img class=\"lazy\" src=\"https:\/\/ducloi.com.vn\/upload\/images\/hot.gif\" alt=\"KHUYEN MAI HOT\" data-lazy-type=\"image\" data-lazy-src=\"https:\/\/ducloi.com.vn\/upload\/images\/hot.gif\" \/><\/strong><strong>\u00a0GIAO H\u00c0NG SI\u00caU NHANH \u2013 G\u1eccI L\u00c0 C\u00d3 X\u00c0I<\/strong><\/span><\/p>\n<p><span style=\"color: #000000;\"><strong><img class=\"lazy\" src=\"https:\/\/ducloi.com.vn\/upload\/images\/hot.gif\" alt=\"KHUYEN MAI HOT\" data-lazy-type=\"image\" data-lazy-src=\"https:\/\/ducloi.com.vn\/upload\/images\/hot.gif\" \/><\/strong><strong>\u00a0GI\u1ea2M TH\u00caM 20.000 VN\u0110 KHI MUA T\u1ea0I C\u1ee6A H\u00c0NG\u00a0<\/strong><strong>261\/4 L\u00ea \u0110\u1ee9c Th\u1ecd<\/strong><strong>\u00a0P.17 Q. G\u00f2 V\u1ea5p TP.HCM<\/strong><\/span><\/p>\n<p><span style=\"color: #000000;\"><strong><img class=\"lazy\" src=\"https:\/\/ducloi.com.vn\/upload\/images\/hot.gif\" alt=\"KHUYEN MAI HOT\" data-lazy-type=\"image\" data-lazy-src=\"https:\/\/ducloi.com.vn\/upload\/images\/hot.gif\" \/><\/strong><strong>\u00a0GI\u1ea2M NGAY 5% GI\u00c1\u00a0<a style=\"color: #000000;\" href=\"https:\/\/vongxepgiare.com\/dai-ly-vong-xep\/\">V\u00d5NG X\u1ebeP<\/a>\u00a0KHI MUA C\u00d9NG GI\u01af\u1edcNG X\u1ebeP<\/strong><\/span><\/p>\n","protected":false},"excerpt":{"rendered":"<p><span style=\"color: #000000;\">Khung v\u00f5ng x\u1ebfp Tr\u01b0\u1eddng Th\u1ecd th\u00e9p s\u01a1n t\u0129nh \u0111i\u1ec7n c\u1ee1 l\u1edbn k\u00edch th\u01b0\u1edbc: D\u00e0i 250cmxR\u1ed9ng 70cmxCao 80cm, th\u00edch h\u1ee3p s\u1eed d\u1ee5ng cho ng\u01b0\u1eddi l\u1edbn v\u00e0 tr\u1ebb em. Khung v\u00f5ng \u0111\u01b0\u1ee3c l\u00e0m b\u1eb1ng th\u00e9p r\u1ea5t d\u00e0y v\u00e0 c\u1ee9ng, l\u1edbp s\u01a1n t\u0129nh \u0111i\u1ec7n gi\u00fap v\u00f5ng kh\u00f4ng b\u1ecb r\u1ec9 s\u00e9t sau th\u1eddi gian d\u00e0i s\u1eed d\u1ee5ng.<\/span><\/p>\n","protected":false},"featured_media":4676,"comment_status":"open","ping_status":"closed","template":"","meta":[],"_links":{"self":[{"href":"https:\/\/thietbitmg.com\/demo\/vongxep\/wp-json\/wp\/v2\/product\/4675"}],"collection":[{"href":"https:\/\/thietbitmg.com\/demo\/vongxep\/wp-json\/wp\/v2\/product"}],"about":[{"href":"https:\/\/thietbitmg.com\/demo\/vongxep\/wp-json\/wp\/v2\/types\/product"}],"replies":[{"embeddable":true,"href":"https:\/\/thietbitmg.com\/demo\/vongxep\/wp-json\/wp\/v2\/comments?post=4675"}],"wp:featuredmedia":[{"embeddable":true,"href":"https:\/\/thietbitmg.com\/demo\/vongxep\/wp-json\/wp\/v2\/media\/4676"}],"wp:attachment":[{"href":"https:\/\/thietbitmg.com\/demo\/vongxep\/wp-json\/wp\/v2\/media?parent=4675"}],"curies":[{"name":"wp","href":"https:\/\/api.w.org\/{rel}","templated":true}]}}