{"id":4677,"date":"2021-10-20T14:54:40","date_gmt":"2021-10-20T14:54:40","guid":{"rendered":"https:\/\/chuongdesigner.name.vn\/vongxep\/?post_type=product&#038;p=4677"},"modified":"2021-10-20T14:59:53","modified_gmt":"2021-10-20T14:59:53","slug":"khung-vong-xep-chan-thai-son-vuong-son-tinh-dien","status":"publish","type":"product","link":"https:\/\/thietbitmg.com\/demo\/vongxep\/khung-vong-xep-chan-thai-son-vuong-son-tinh-dien\/","title":{"rendered":"Khung v\u00f5ng x\u1ebfp Ch\u1ea5n Th\u00e1i S\u01a1n vu\u00f4ng s\u01a1n t\u0129nh \u0111i\u1ec7n"},"content":{"rendered":"<p><span style=\"color: #000000;\"><strong>Khung v\u00f5ng x\u1ebfp Ch\u1ea5n Th\u00e1i S\u01a1n ki\u1ec3u vu\u00f4ng<\/strong>\u00a0\u0111\u01b0\u1ee3c l\u00e0m b\u1eb1ng khung s\u1eaft phi 40 ph\u1ee7 l\u1edbp s\u01a1n t\u0129nh \u0111i\u1ec7n ch\u1ed1ng r\u1ec9 s\u00e9t. Thi\u1ebft k\u1ebf c\u1ef1c k\u00ec ch\u1eafc ch\u1eafn, d\u1ec5 th\u00e1o l\u1eafp c\u1ef1c k\u00ec ti\u1ec7n l\u1ee3i. B\u1ea3o h\u00e0nh ch\u00ednh h\u00e3ng 5 n\u0103m. H\u1ed7 tr\u1ee3 giao h\u00e0ng l\u1eafp \u0111\u1eb7t t\u1eadn n\u01a1i khi mua\u00a0<a style=\"color: #000000;\" href=\"https:\/\/vongxepgiare.com\/vong-xep-chan-thai-son-gia-re\/\" target=\"_blank\" rel=\"noopener noreferrer\"><strong>v\u00f5ng x\u1ebfp Ch\u1ea5n Th\u00e1i S\u01a1n<\/strong><\/a>\u00a0t\u1ea1i\u00a0<strong>www.vongxepgiare.com<\/strong><\/span><\/p>\n<p><span style=\"color: #000000;\"><img loading=\"lazy\" class=\"lazy aligncenter\" src=\"https:\/\/lh3.googleusercontent.com\/8cgw_A7ARDaCLfWC4LIlqkn32wtohWpYsC5kR8XUKA=w615-h450-no\" alt=\"V\u00f5ng x\u1ebfp Ch\u1ea5n Th\u00e1i S\u01a1n Vu\u00f4ng s\u01a1n t\u0129nh \u0111i\u1ec7n\" width=\"615\" height=\"450\" data-lazy-type=\"image\" data-lazy-src=\"https:\/\/lh3.googleusercontent.com\/8cgw_A7ARDaCLfWC4LIlqkn32wtohWpYsC5kR8XUKA=w615-h450-no\" \/><\/span><\/p>\n<h4><span style=\"color: #000000;\">TH\u00d4NG S\u1ed0 K\u0128 THU\u1eacT KHUNG V\u00d5NG CH\u1ea4N TH\u00c1I S\u01a0N VU\u00d4NG S\u01a0N T\u0128NH \u0110I\u1ec6N<\/span><\/h4>\n<p><span style=\"color: #000000;\">Lo\u1ea1i khung v\u00f5ng:\u00a0<strong>Khung\u00a0<a style=\"color: #000000;\" href=\"https:\/\/vongxepgiare.com\/vong-xep-son-tinh-dien\/\" target=\"_blank\" rel=\"noopener noreferrer\">v\u00f5ng x\u1ebfp s\u1eaft s\u01a1n t\u0129nh \u0111i\u1ec7n<\/a>\u00a0phi 40 d\u00e0y 1,4mm<\/strong><\/span><br \/>\n<span style=\"color: #000000;\">Xu\u1ea5t x\u1ee9 : Vi\u1ec7t Nam<\/span><br \/>\n<span style=\"color: #000000;\">Th\u01b0\u01a1ng hi\u1ec7u :\u00a0<strong>v\u00f5ng x\u1ebfp Ch\u1ea5n Th\u00e1i S\u01a1n<\/strong><\/span><br \/>\n<span style=\"color: #000000;\">Tr\u1ecdng L\u01b0\u1ee3ng : 7 \u2013 10kg<\/span><br \/>\n<span style=\"color: #000000;\">T\u1ea3i tr\u1ecdng t\u0129nh : 250kg<\/span><br \/>\n<span style=\"color: #000000;\">K\u00edch th\u01b0\u1edbc s\u1eed d\u1ee5ng :\u00a0<strong>D\u00e0i 211cm \u0111\u1ebfn 250cm x r\u1ed9ng 76cm \u0111\u1ebfn 80cm<\/strong><\/span><br \/>\n<span style=\"color: #000000;\">K\u00edch th\u01b0\u1edbc \u0111\u00f3ng g\u00f3i :\u00a0<strong>D\u00e0i 127 cm x r\u1ed9ng 76 cm x cao 10cm<\/strong><\/span><br \/>\n<span style=\"color: #000000;\">Ki\u1ec3u d\u00e1ng : Ki\u1ec3u vu\u00f4ng c\u1ee1 ng\u01b0\u1eddi l\u1edbn<\/span><br \/>\n<span style=\"color: #000000;\">Ch\u1ea5t li\u1ec7u khung : khung s\u1eaft phi 40 s\u01a1n t\u0129nh \u0111i\u1ec7n kh\u00f4ng r\u1ec9 s\u00e9t, x\u1ec9 m\u00e0u.<\/span><br \/>\n<span style=\"color: #000000;\">Ch\u1ea5t li\u1ec7u l\u01b0\u1edbi : Khung v\u00f5ng ch\u01b0a g\u1ed3m l\u01b0\u1edbi. Tham kh\u1ea3o c\u00e1c lo\u1ea1i l\u01b0\u1edbi v\u00f5ng x\u1ebfp gi\u00e1 r\u1ebb t\u1ea1i \u0111\u00e2y:\u00a0<a style=\"color: #000000;\" title=\"l\u01b0\u1edbi v\u00f5ng Ban Mai\" href=\"https:\/\/vongxepgiare.com\/luoi-vong-ban-mai\/\" target=\"_blank\" rel=\"noopener noreferrer\"><strong>L\u01b0\u1edbi v\u00f5ng x\u1ebfp<\/strong><\/a><\/span><\/p>\n<p><span style=\"color: #000000;\">B\u1ea3o h\u00e0nh khung v\u00f5ng 60 th\u00e1ng. Mi\u1ec5n ph\u00ed ti\u1ec1n c\u00f4ng s\u1eefa ch\u1eefa trong v\u00f2ng 10 n\u0103m.<\/span><br \/>\n<span style=\"color: #000000;\">Giao h\u00e0ng v\u00e0 l\u1eafp \u0111\u1eb7t t\u1eadn nh\u00e0\u00a0<strong>SI\u00caU NHANH<\/strong>\u00a0v\u00e0\u00a0<strong>MI\u1ec4N PH\u00cd<\/strong>\u00a0t\u1ea1i TP.HCM.<\/span><br \/>\n<span style=\"color: #000000;\">Thanh to\u00e1n sau khi nh\u1eadn, ki\u1ec3m tra v\u00e0\u00a0<strong>H\u00c0I L\u00d2NG<\/strong>\u00a0v\u1edbi ch\u1ea5t l\u01b0\u1ee3ng s\u1ea3n ph\u1ea9m.<\/span><br \/>\n<span style=\"color: #000000;\">\u0110\u1ed5i h\u00e0ng\u00a0<strong>T\u1eacN N\u01a0I<\/strong>\u00a0Mi\u1ec5n Ph\u00ed trong v\u00f2ng 7 ng\u00e0y n\u1ebfu b\u1ecb l\u1ed7i k\u0129 thu\u1eadt. Th\u1ee7 t\u1ee5c nhanh g\u1ecdn l\u1eb9<\/span><\/p>\n<p><span style=\"color: #000000;\"><strong>GI\u00c1 KHUY\u1ebeN M\u00c3I: 720.000 VN\u0110<\/strong><\/span><\/p>\n<p><span style=\"color: #000000;\"><strong><img class=\"lazy\" src=\"https:\/\/ducloi.com.vn\/upload\/images\/hot.gif\" alt=\"KHUYEN MAI HOT\" data-lazy-type=\"image\" data-lazy-src=\"https:\/\/ducloi.com.vn\/upload\/images\/hot.gif\" \/>\u00a0CAM K\u1ebeT GI\u00c1 R\u1eba NH\u1ea4T \u2013 B\u1ea2O H\u00c0NH H\u1eacU M\u00c3I CHU \u0110\u00c1O<\/strong><\/span><\/p>\n<p><span style=\"color: #000000;\"><strong><img class=\"lazy\" src=\"https:\/\/ducloi.com.vn\/upload\/images\/hot.gif\" alt=\"KHUYEN MAI HOT\" data-lazy-type=\"image\" data-lazy-src=\"https:\/\/ducloi.com.vn\/upload\/images\/hot.gif\" \/><\/strong><strong>\u00a0GIAO H\u00c0NG SI\u00caU NHANH \u2013 G\u1eccI L\u00c0 C\u00d3 X\u00c0I<\/strong><\/span><\/p>\n<p><span style=\"color: #000000;\"><strong><img class=\"lazy\" src=\"https:\/\/ducloi.com.vn\/upload\/images\/hot.gif\" alt=\"KHUYEN MAI HOT\" data-lazy-type=\"image\" data-lazy-src=\"https:\/\/ducloi.com.vn\/upload\/images\/hot.gif\" \/><\/strong><strong>\u00a0GI\u1ea2M TH\u00caM 20.000 VN\u0110 KHI MUA T\u1ea0I C\u1ee6A H\u00c0NG\u00a0<\/strong><strong>261\/4 L\u00ea \u0110\u1ee9c Th\u1ecd<\/strong><strong>\u00a0P.17 Q. G\u00f2 V\u1ea5p TP.HCM<\/strong><\/span><\/p>\n<p><span style=\"color: #000000;\"><strong><img class=\"lazy\" src=\"https:\/\/ducloi.com.vn\/upload\/images\/hot.gif\" alt=\"KHUYEN MAI HOT\" data-lazy-type=\"image\" data-lazy-src=\"https:\/\/ducloi.com.vn\/upload\/images\/hot.gif\" \/><\/strong><strong>\u00a0GI\u1ea2M NGAY 5% GI\u00c1\u00a0<a style=\"color: #000000;\" href=\"https:\/\/vongxepgiare.com\/dai-ly-vong-xep\/\">V\u00d5NG X\u1ebeP<\/a>\u00a0KHI MUA C\u00d9NG GI\u01af\u1edcNG X\u1ebeP<\/strong><\/span><\/p>\n","protected":false},"excerpt":{"rendered":"<p><span style=\"color: #000000;\"><strong>Khung v\u00f5ng x\u1ebfp Ch\u1ea5n Th\u00e1i S\u01a1n ki\u1ec3u vu\u00f4ng<\/strong>\u00a0\u0111\u01b0\u1ee3c l\u00e0m b\u1eb1ng khung s\u1eaft phi 40 ph\u1ee7 l\u1edbp s\u01a1n t\u0129nh \u0111i\u1ec7n ch\u1ed1ng r\u1ec9 s\u00e9t. Thi\u1ebft k\u1ebf c\u1ef1c k\u00ec ch\u1eafc ch\u1eafn, d\u1ec5 th\u00e1o l\u1eafp c\u1ef1c k\u00ec ti\u1ec7n l\u1ee3i. B\u1ea3o h\u00e0nh ch\u00ednh h\u00e3ng 5 n\u0103m. H\u1ed7 tr\u1ee3 giao h\u00e0ng l\u1eafp \u0111\u1eb7t t\u1eadn n\u01a1i khi mua\u00a0<a style=\"color: #000000;\" href=\"https:\/\/vongxepgiare.com\/vong-xep-chan-thai-son-gia-re\/\" target=\"_blank\" rel=\"noopener noreferrer\"><strong>v\u00f5ng x\u1ebfp Ch\u1ea5n Th\u00e1i S\u01a1n<\/strong><\/a>\u00a0t\u1ea1i\u00a0<strong>www.vongxepgiare.com<\/strong><\/span><\/p>\n","protected":false},"featured_media":4678,"comment_status":"open","ping_status":"closed","template":"","meta":[],"_links":{"self":[{"href":"https:\/\/thietbitmg.com\/demo\/vongxep\/wp-json\/wp\/v2\/product\/4677"}],"collection":[{"href":"https:\/\/thietbitmg.com\/demo\/vongxep\/wp-json\/wp\/v2\/product"}],"about":[{"href":"https:\/\/thietbitmg.com\/demo\/vongxep\/wp-json\/wp\/v2\/types\/product"}],"replies":[{"embeddable":true,"href":"https:\/\/thietbitmg.com\/demo\/vongxep\/wp-json\/wp\/v2\/comments?post=4677"}],"wp:featuredmedia":[{"embeddable":true,"href":"https:\/\/thietbitmg.com\/demo\/vongxep\/wp-json\/wp\/v2\/media\/4678"}],"wp:attachment":[{"href":"https:\/\/thietbitmg.com\/demo\/vongxep\/wp-json\/wp\/v2\/media?parent=4677"}],"curies":[{"name":"wp","href":"https:\/\/api.w.org\/{rel}","templated":true}]}}