{"id":4679,"date":"2021-10-20T14:57:40","date_gmt":"2021-10-20T14:57:40","guid":{"rendered":"https:\/\/chuongdesigner.name.vn\/vongxep\/?post_type=product&#038;p=4679"},"modified":"2021-10-20T14:59:00","modified_gmt":"2021-10-20T14:59:00","slug":"khung-vong-inox-ban-mai-vip","status":"publish","type":"product","link":"https:\/\/thietbitmg.com\/demo\/vongxep\/khung-vong-inox-ban-mai-vip\/","title":{"rendered":"Khung v\u00f5ng Inox Ban Mai VIP"},"content":{"rendered":"<p><span style=\"color: #000000;\"><strong>Khung v\u00f5ng Inox Ban Mai c\u1ee1 ng\u01b0\u1eddi l\u1edbn lo\u1ea1i t\u1ed1t<\/strong>\u00a0lo\u1ea1i khung\u00a0<a style=\"color: #000000;\" href=\"https:\/\/vongxepgiare.com\/vong-xep-inox\/\" target=\"_blank\" rel=\"noopener noreferrer\">v\u00f5ng inox<\/a>\u00a0d\u00e0y h\u01a1n, b\u1ec1n h\u01a1n, s\u1eed d\u1ee5ng \u1ed5n \u0111\u1ecbnh kh\u00f4ng cong v\u1eb9o trong qu\u00e1 tr\u00ecnh s\u1eed d\u1ee5ng. V\u1eadt li\u1ec7u inox l\u00e0m khung s\u00e1ng b\u00f3ng, sang tr\u1ecdng, thi\u1ebft k\u1ebf g\u1ecdn g\u00e0ng d\u1ec5 l\u1eafp \u0111\u1eb7t. B\u1ea3o h\u00e0nh ch\u00ednh h\u00e3ng 12 th\u00e1ng.<\/span><\/p>\n<p><span style=\"color: #000000;\"><img loading=\"lazy\" class=\"lazy size-full wp-image-2414 aligncenter\" src=\"https:\/\/vongxepgiare.com\/wp-content\/uploads\/2015\/04\/khung-inox-ban-mai-loai-tot.jpg\" sizes=\"(max-width: 530px) 100vw, 530px\" alt=\"Khung v\u00f5ng x\u1ebfp inox Ban Mai lo\u1ea1i t\u1ed1t\" width=\"530\" height=\"300\" data-lazy-type=\"image\" data-lazy-src=\"https:\/\/vongxepgiare.com\/wp-content\/uploads\/2015\/04\/khung-inox-ban-mai-loai-tot.jpg\" data-lazy-srcset=\"https:\/\/vongxepgiare.com\/wp-content\/uploads\/2015\/04\/khung-inox-ban-mai-loai-tot.jpg 530w, https:\/\/vongxepgiare.com\/wp-content\/uploads\/2015\/04\/khung-inox-ban-mai-loai-tot-300x170.jpg 300w\" \/><\/span><\/p>\n<h4><span style=\"color: #000000;\">TH\u00d4NG S\u1ed0 K\u0128 THU\u1eacT KHUNG V\u00d5NG X\u1ebeP INOX BAN MAI LO\u1ea0I T\u1ed0T.<\/span><\/h4>\n<p><span style=\"color: #000000;\">M\u00e3 s\u1ea3n ph\u1ea9m:\u00a0<strong>Khung v\u00f5ng Inox lo\u1ea1i t\u1ed1t<\/strong><\/span><br \/>\n<span style=\"color: #000000;\">Xu\u1ea5t x\u1ee9 : Vi\u1ec7t Nam<\/span><br \/>\n<span style=\"color: #000000;\">Th\u01b0\u01a1ng hi\u1ec7u :\u00a0<a style=\"color: #000000;\" title=\"vong xep ban mai\" href=\"https:\/\/vongxepgiare.com\/vong-xep-ban-mai\/\" target=\"_blank\" rel=\"noopener noreferrer\"><strong>v\u00f5ng x\u1ebfp Ban Mai<\/strong><\/a><\/span><br \/>\n<span style=\"color: #000000;\">Tr\u1ecdng L\u01b0\u1ee3ng : 7 \u2013 10kg<\/span><br \/>\n<span style=\"color: #000000;\">T\u1ea3i tr\u1ecdng t\u0129nh : 250kg<\/span><br \/>\n<span style=\"color: #000000;\">K\u00edch th\u01b0\u1edbc khi \u0111\u00f3ng g\u00f3i: 113 x 14.5 x 19.5 cm.<\/span><br \/>\n<span style=\"color: #000000;\">Chi\u1ec1u d\u00e0i KHUNG khi s\u1eed d\u1ee5ng: d\u00e0i 259 x r\u1ed9ng 74,5 x cao 79 cm.<\/span><br \/>\n<span style=\"color: #000000;\">Chi\u1ec1u d\u00e0i L\u01b0\u1edbi: 175 x 240 cm<\/span><br \/>\n<span style=\"color: #000000;\">Ki\u1ec3u d\u00e1ng : Ki\u1ec3u th\u01b0\u1eddng c\u1ee1 ng\u01b0\u1eddi l\u1edbn<\/span><br \/>\n<span style=\"color: #000000;\">Ch\u1ea5t li\u1ec7u khung : Inox 201 phi 27, d\u00e0y v\u00e0 r\u1ea5t c\u1ee9ng, s\u00e1ng b\u00f3ng sang tr\u1ecdng.<\/span><br \/>\n<span style=\"color: #000000;\">T\u00fai \u0111\u1ef1ng v\u00f5ng: C\u00f3 t\u1eb7ng k\u00e8m t\u00fai \u0111\u1ef1ng v\u00f5ng. Ti\u1ec7n l\u1ee3i khi mang v\u00f5ng \u0111i xa<\/span><br \/>\n<span style=\"color: #000000;\">Ch\u1ea5t li\u1ec7u l\u01b0\u1edbi : Khung v\u00f5ng ch\u01b0a c\u00f3 l\u01b0\u1edbi. Mua th\u00eam l\u01b0\u1edbi t\u1ea1i \u0111\u00e2y:\u00a0<a style=\"color: #000000;\" title=\"l\u01b0\u1edbi v\u00f5ng Ban Mai\" href=\"https:\/\/vongxepgiare.com\/vong-xep-ban-mai\/luoi-vong-ban-mai\/\" target=\"_blank\" rel=\"noopener noreferrer\"><strong>L\u01b0\u1edbi v\u00f5ng Ban Mai<\/strong><\/a><\/span><br \/>\n<span style=\"color: #000000;\">Ch\u1ee9ng nh\u1eadn ch\u1ea5t l\u01b0\u1ee3ng : Bureau Veritas, trung t\u00e2m 3<\/span><\/p>\n<p><span style=\"color: #000000;\">B\u1ea3o h\u00e0nh khung v\u00f5ng 12 th\u00e1ng. Mi\u1ec5n ph\u00ed ti\u1ec1n c\u00f4ng s\u1eefa ch\u1eefa trong v\u00f2ng 5 n\u0103m.<\/span><br \/>\n<span style=\"color: #000000;\">Giao h\u00e0ng v\u00e0 l\u1eafp \u0111\u1eb7t t\u1eadn nh\u00e0\u00a0<strong>SI\u00caU NHANH<\/strong>\u00a0v\u00e0\u00a0<strong>MI\u1ec4N PH\u00cd<\/strong>\u00a0t\u1ea1i TP.HCM.<\/span><br \/>\n<span style=\"color: #000000;\">Thanh to\u00e1n sau khi nh\u1eadn, ki\u1ec3m tra v\u00e0\u00a0<strong>H\u00c0I L\u00d2NG<\/strong>\u00a0v\u1edbi ch\u1ea5t l\u01b0\u1ee3ng s\u1ea3n ph\u1ea9m.<\/span><br \/>\n<span style=\"color: #000000;\">\u0110\u1ed5i h\u00e0ng\u00a0<strong>T\u1eacN N\u01a0I<\/strong>\u00a0Mi\u1ec5n Ph\u00ed trong v\u00f2ng 7 ng\u00e0y n\u1ebfu b\u1ecb l\u1ed7i k\u0129 thu\u1eadt. Th\u1ee7 t\u1ee5c nhanh g\u1ecdn l\u1eb9<\/span><\/p>\n<p><span style=\"color: #000000;\"><strong>GI\u00c1 KHUY\u1ebeN M\u00c3I: 660.000 VN\u0110<\/strong><\/span><\/p>\n<p><span style=\"color: #000000;\"><strong><img class=\"lazy\" src=\"https:\/\/ducloi.com.vn\/upload\/images\/hot.gif\" alt=\"KHUYEN MAI HOT\" data-lazy-type=\"image\" data-lazy-src=\"https:\/\/ducloi.com.vn\/upload\/images\/hot.gif\" \/>\u00a0CAM K\u1ebeT GI\u00c1 R\u1eba NH\u1ea4T \u2013 B\u1ea2O H\u00c0NH H\u1eacU M\u00c3I CHU \u0110\u00c1O<\/strong><\/span><\/p>\n<p><span style=\"color: #000000;\"><strong><img class=\"lazy\" src=\"https:\/\/ducloi.com.vn\/upload\/images\/hot.gif\" alt=\"KHUYEN MAI HOT\" data-lazy-type=\"image\" data-lazy-src=\"https:\/\/ducloi.com.vn\/upload\/images\/hot.gif\" \/><\/strong><strong>\u00a0GIAO H\u00c0NG SI\u00caU NHANH \u2013 G\u1eccI L\u00c0 C\u00d3 X\u00c0I<\/strong><\/span><\/p>\n<p><span style=\"color: #000000;\"><strong><img class=\"lazy\" src=\"https:\/\/ducloi.com.vn\/upload\/images\/hot.gif\" alt=\"KHUYEN MAI HOT\" data-lazy-type=\"image\" data-lazy-src=\"https:\/\/ducloi.com.vn\/upload\/images\/hot.gif\" \/><\/strong><strong>\u00a0GI\u1ea2M TH\u00caM 20.000 VN\u0110 KHI MUA T\u1ea0I C\u1ee6A H\u00c0NG\u00a0<\/strong><strong>261\/4 L\u00ea \u0110\u1ee9c Th\u1ecd<\/strong><strong>\u00a0P.17 Q. G\u00f2 V\u1ea5p TP.HCM<\/strong><\/span><\/p>\n<p><span style=\"color: #000000;\"><strong><img class=\"lazy\" src=\"https:\/\/ducloi.com.vn\/upload\/images\/hot.gif\" alt=\"KHUYEN MAI HOT\" data-lazy-type=\"image\" data-lazy-src=\"https:\/\/ducloi.com.vn\/upload\/images\/hot.gif\" \/><\/strong><strong>\u00a0GI\u1ea2M NGAY 5% GI\u00c1\u00a0<a style=\"color: #000000;\" href=\"https:\/\/vongxepgiare.com\/dai-ly-vong-xep\/\">V\u00d5NG X\u1ebeP<\/a>\u00a0KHI MUA C\u00d9NG GI\u01af\u1edcNG X\u1ebeP<\/strong><\/span><\/p>\n","protected":false},"excerpt":{"rendered":"<p><span style=\"color: #000000;\"><strong>Khung v\u00f5ng Inox Ban Mai c\u1ee1 ng\u01b0\u1eddi l\u1edbn lo\u1ea1i t\u1ed1t<\/strong>\u00a0lo\u1ea1i khung\u00a0<a style=\"color: #000000;\" href=\"https:\/\/vongxepgiare.com\/vong-xep-inox\/\" target=\"_blank\" rel=\"noopener noreferrer\">v\u00f5ng inox<\/a>\u00a0d\u00e0y h\u01a1n, b\u1ec1n h\u01a1n, s\u1eed d\u1ee5ng \u1ed5n \u0111\u1ecbnh kh\u00f4ng cong v\u1eb9o trong qu\u00e1 tr\u00ecnh s\u1eed d\u1ee5ng. V\u1eadt li\u1ec7u inox l\u00e0m khung s\u00e1ng b\u00f3ng, sang tr\u1ecdng, thi\u1ebft k\u1ebf g\u1ecdn g\u00e0ng d\u1ec5 l\u1eafp \u0111\u1eb7t. B\u1ea3o h\u00e0nh ch\u00ednh h\u00e3ng 12 th\u00e1ng.<\/span><\/p>\n","protected":false},"featured_media":4680,"comment_status":"open","ping_status":"closed","template":"","meta":[],"_links":{"self":[{"href":"https:\/\/thietbitmg.com\/demo\/vongxep\/wp-json\/wp\/v2\/product\/4679"}],"collection":[{"href":"https:\/\/thietbitmg.com\/demo\/vongxep\/wp-json\/wp\/v2\/product"}],"about":[{"href":"https:\/\/thietbitmg.com\/demo\/vongxep\/wp-json\/wp\/v2\/types\/product"}],"replies":[{"embeddable":true,"href":"https:\/\/thietbitmg.com\/demo\/vongxep\/wp-json\/wp\/v2\/comments?post=4679"}],"wp:featuredmedia":[{"embeddable":true,"href":"https:\/\/thietbitmg.com\/demo\/vongxep\/wp-json\/wp\/v2\/media\/4680"}],"wp:attachment":[{"href":"https:\/\/thietbitmg.com\/demo\/vongxep\/wp-json\/wp\/v2\/media?parent=4679"}],"curies":[{"name":"wp","href":"https:\/\/api.w.org\/{rel}","templated":true}]}}