{"id":4705,"date":"2021-10-20T15:19:43","date_gmt":"2021-10-20T15:19:43","guid":{"rendered":"https:\/\/chuongdesigner.name.vn\/vongxep\/?post_type=product&#038;p=4705"},"modified":"2021-10-20T15:21:01","modified_gmt":"2021-10-20T15:21:01","slug":"giuong-xep-van-phong-gap-3-da-nang-gb90","status":"publish","type":"product","link":"https:\/\/thietbitmg.com\/demo\/vongxep\/giuong-xep-van-phong-gap-3-da-nang-gb90\/","title":{"rendered":"Gi\u01b0\u1eddng X\u1ebfp V\u0103n Ph\u00f2ng G\u1ea5p 3 \u0110a N\u0103ng GB90"},"content":{"rendered":"<p><span style=\"color: #000000;\"><strong>Gi\u01b0\u1eddng g\u1ea5p v\u0103n ph\u00f2ng c\u00f3 n\u1ec7m g\u1ea5p x\u1ebfp \u0111a n\u0103ng\u00a0GB90<\/strong>\u00a0c\u00f3 b\u1ec1 r\u1ed9ng\u00a090cm, chi\u1ec1u d\u00e0i 1m8, chi\u1ec1u cao\u00a026cm, n\u1ec7m d\u00e0y 5cm, k\u00edch th\u01b0\u1edbc gi\u01b0\u1eddng th\u00edch h\u1ee3p cho 1 ng\u01b0\u1eddi n\u1eb1m ng\u1ee7 tho\u1ea3i m\u00e1i\u00a0ngh\u1ec9 ng\u01a1i\u00a0\u1edf nh\u1eefng n\u01a1i\u00a0nh\u01b0 v\u0103n ph\u00f2ng l\u00e0m vi\u1ec7c, kh\u00e1ch s\u1ea1n, k\u00fd t\u00fac x\u00e1, trung t\u00e2m ch\u0103m s\u00f3c s\u1ee9c kh\u1ecfe. Ph\u1ea7n \u0111\u1ea7u\u00a0<a style=\"color: #000000;\" href=\"https:\/\/vongxepgiare.com\/giuong-nem-gap-xep\/\" target=\"_blank\" rel=\"noopener noreferrer\">gi\u01b0\u1eddng n\u1ec7m x\u1ebfp<\/a>\u00a0\u0111a n\u0103ng\u00a0GB90\u00a0c\u00f3 th\u1ec3 n\u00e2ng cao 5 n\u1ea5c \u0111i\u1ec1u ch\u1ec9nh.<\/span><\/p>\n<p><span style=\"color: #000000;\"><img class=\"lazy aligncenter\" src=\"https:\/\/ducloi.com.vn\/upload\/images\/giuong-xep-co-nem-75cm.jpg\" alt=\"giuong xep co nem rong 75cm\" data-lazy-type=\"image\" data-lazy-src=\"https:\/\/ducloi.com.vn\/upload\/images\/giuong-xep-co-nem-75cm.jpg\" data-cke-saved-src=\"https:\/\/ducloi.com.vn\/upload\/images\/giuong-xep-co-nem-75cm.jpg\" \/><\/span><\/p>\n<p><span style=\"color: #000000;\"><strong>\u01afu \u0111i\u1ec3m:<\/strong>\u00a0K\u00edch th\u01b0\u1edbc nh\u1ecf g\u1ecdn, g\u1ea5p x\u1ebfp d\u1ec5 d\u00e0ng. c\u00f3 b\u00e1nh xe d\u1ec5 di chuy\u1ec3n.<\/span><\/p>\n<p><span style=\"color: #000000;\"><strong>Nh\u01b0\u1ee3c \u0111i\u1ec3m:<\/strong>\u00a0Chi\u1ec1u cao gi\u01b0\u1eddng th\u1ea5p, v\u1ea3i nilong n\u1eb1m kh\u00f4ng th\u1ea5m h\u00fat m\u1ed3 h\u00f4i t\u1ed1t, \u0111\u1ea7u gi\u01b0\u1eddng n\u00e2ng th\u1ea5p kh\u00f4ng th\u00edch h\u1ee3p cho ng\u01b0\u1eddi b\u1ec7nh v\u00e0 ng\u01b0\u1eddi gi\u00e0.<\/span><\/p>\n<p><span style=\"color: #000000;\">Tham kh\u1ea3o m\u1eabu\u00a0<a style=\"color: #000000;\" href=\"https:\/\/ducloi.com.vn\/giuong-xep-han-quoc-42\/\" target=\"_blank\" rel=\"noopener noreferrer\" data-cke-saved-href=\"https:\/\/ducloi.com.vn\/giuong-xep-han-quoc-42\/\">gi\u01b0\u1eddng x\u1ebfp H\u00e0n Qu\u1ed1c<\/a>\u00a0ch\u1ea5t l\u01b0\u1ee3ng t\u1ed1t h\u01a1n:<\/span><\/p>\n<p><span style=\"color: #000000;\"><strong>\u27a5\u00a0<a style=\"color: #000000;\" href=\"https:\/\/ducloi.com.vn\/giuong-xep-28\/giuong-xep-kieu-han-quoc-dl24\" target=\"_blank\" rel=\"noopener noreferrer\" data-cke-saved-href=\"https:\/\/ducloi.com.vn\/giuong-xep-28\/giuong-xep-kieu-han-quoc-dl24\">Gi\u01b0\u1eddng X\u1ebfp Ki\u1ec3u H\u00e0n Qu\u1ed1c 65cm<\/a><\/strong><\/span><\/p>\n<p><span style=\"color: #000000;\"><strong>\u27a5\u00a0<a style=\"color: #000000;\" href=\"https:\/\/ducloi.com.vn\/giuong-xep-28\/giuong-nem-kieu-han-quoc-dl25-rong-75-tac\" target=\"_blank\" rel=\"noopener noreferrer\" data-cke-saved-href=\"https:\/\/ducloi.com.vn\/giuong-xep-28\/giuong-nem-kieu-han-quoc-dl25-rong-75-tac\">Gi\u01b0\u1eddng x\u1ebfp ki\u1ec3u H\u00e0n Qu\u1ed1c 90cm<\/a><\/strong><\/span><\/p>\n<p><span style=\"color: #000000;\"><strong>\u27a5\u00a0<a style=\"color: #000000;\" href=\"https:\/\/ducloi.com.vn\/giuong-xep-28\/giuong-xep-kieu-han-quoc-rong-9-tac-dl26\" target=\"_blank\" rel=\"noopener noreferrer\" data-cke-saved-href=\"https:\/\/ducloi.com.vn\/giuong-xep-28\/giuong-xep-kieu-han-quoc-rong-9-tac-dl26\">Gi\u01b0\u1eddng x\u1ebfp ki\u1ec3u H\u00e0n Qu\u1ed1c 90cm<\/a><\/strong><\/span><\/p>\n<p><span style=\"color: #000000;\"><strong>\u27a5\u00a0<a style=\"color: #000000;\" href=\"https:\/\/ducloi.com.vn\/giuong-xep-28\/giuong-xep-kieu-han-quoc-dl27-rong-12m\" target=\"_blank\" rel=\"noopener noreferrer\" data-cke-saved-href=\"https:\/\/ducloi.com.vn\/giuong-xep-28\/giuong-xep-kieu-han-quoc-dl27-rong-12m\">Gi\u01b0\u1eddng x\u1ebfp ki\u1ec3u H\u00e0n Qu\u1ed1c 123cm<\/a><\/strong><\/span><\/p>\n<h4><span style=\"color: #000000;\">TH\u00d4NG S\u1ed0 K\u0128 THU\u1eacT S\u1ea2N PH\u1ea8M GI\u01af\u1edcNG N\u1ec6M\u00a0GB90<\/span><\/h4>\n<p><span style=\"color: #000000;\">T\u00ean s\u1ea3n ph\u1ea9m:\u00a0<strong><a style=\"color: #000000;\" href=\"https:\/\/ducloi.com.vn\/giuong-nem-gap-xep-41\/\" target=\"_blank\" rel=\"noopener noreferrer\" data-cke-saved-href=\"https:\/\/ducloi.com.vn\/giuong-nem-gap-xep-41\/\">Gi\u01b0\u1eddng n\u1ec7m<\/a>\u00a0g\u1ea5p x\u1ebfp \u0111a n\u0103ng \u00a0GB90<\/strong><\/span><br \/>\n<span style=\"color: #000000;\">Xu\u1ea5t x\u1ee9 : Trung Qu\u1ed1c<\/span><br \/>\n<span style=\"color: #000000;\">Th\u01b0\u01a1ng hi\u1ec7u :\u00a0<strong>Nikita<\/strong><\/span><br \/>\n<span style=\"color: #000000;\">Tr\u1ecdng L\u01b0\u1ee3ng : 23 kg<\/span><br \/>\n<span style=\"color: #000000;\">T\u1ea3i tr\u1ecdng t\u0129nh : 100kg<\/span><br \/>\n<span style=\"color: #000000;\">K\u00edch th\u01b0\u1edbc s\u1eed d\u1ee5ng :\u00a0<strong>Chi\u1ec1u d\u00e0i 1,80m; chi\u1ec1u r\u1ed9ng 0,90m; chi\u1ec1u cao 0,23m<\/strong><\/span><br \/>\n<span style=\"color: #000000;\">K\u00edch th\u01b0\u1edbc \u0111\u00f3ng g\u00f3i : Chi\u1ec1u r\u1ed9ng 0,66m; chi\u1ec1u cao 0,9m<\/span><br \/>\n<span style=\"color: #000000;\">Ch\u1ea5t li\u1ec7u v\u1ea3i : N\u1ec7m d\u00e0y 5cm<\/span><br \/>\n<span style=\"color: #000000;\">B\u1ea3o h\u00e0nh khung gi\u01b0\u1eddng ch\u00ednh h\u00e3ng 12 th\u00e1ng.<\/span><br \/>\n<span style=\"color: #000000;\">H\u1ed7 tr\u1ee3 giao h\u00e0ng l\u1eafp \u0111\u1eb7t t\u1eadn n\u01a1i t\u1ea1i TPHCM.<\/span><br \/>\n<span style=\"color: #000000;\">\u0110\u01b0\u1ee3c \u0111\u1ed5i Model kh\u00e1c trong 7 ng\u00e0y (s\u1ea3n ph\u1ea9m c\u00f2n m\u1edbi).<\/span><\/p>\n<p><span style=\"color: #000000;\"><strong>GI\u00c1 KHUY\u1ebeN M\u00c3I:\u00a02.190.000\u00a0VN\u0110<\/strong><\/span><\/p>\n<p><span style=\"color: #000000;\"><strong><img class=\"lazy\" src=\"https:\/\/ducloi.com.vn\/upload\/images\/hot.gif\" alt=\"KHUYEN MAI HOT\" data-lazy-type=\"image\" data-lazy-src=\"https:\/\/ducloi.com.vn\/upload\/images\/hot.gif\" data-cke-saved-src=\"https:\/\/ducloi.com.vn\/upload\/images\/hot.gif\" \/>\u00a0T\u1eb7ng ngay v\u00f5ng d\u00f9 Th\u00e1i Lan tr\u1ecb gi\u00e1 100.000 vn\u0111 khi mua\u00a0gi\u01b0\u1eddng n\u1ec7m x\u1ebfp<\/strong><\/span><\/p>\n<p><span style=\"color: #000000;\"><strong>\u27a5\u00a0<\/strong>Xem s\u1ea3n ph\u1ea9m khuy\u1ebfn m\u00e3i t\u1ea1i \u0111\u00e2y:\u00a0<a style=\"color: #000000;\" href=\"http:\/\/ducloi.com.vn\/vong-xep-31\/vong-du-tot-ben-gia-re\" target=\"_blank\" rel=\"noopener noreferrer\" data-cke-saved-href=\"http:\/\/ducloi.com.vn\/vong-xep-31\/vong-du-tot-ben-gia-re\"><strong>www.DucLoi.com.vn\/v\u00f5ng-d\u00f9-th\u00e1i-lan\/<\/strong><\/a><\/span><\/p>\n<p><span style=\"color: #000000;\"><strong><img class=\"lazy\" src=\"https:\/\/ducloi.com.vn\/upload\/images\/hot.gif\" alt=\"KHUYEN MAI HOT\" data-lazy-type=\"image\" data-lazy-src=\"https:\/\/ducloi.com.vn\/upload\/images\/hot.gif\" data-cke-saved-src=\"https:\/\/ducloi.com.vn\/upload\/images\/hot.gif\" \/>\u00a0<\/strong><strong>Gi\u1ea3m ngay 50.000 VN\u0110 khi xem v\u00e0 mua h\u00e0ng t\u1ea1i c\u1eeda h\u00e0ng \u0110\u1ee9c L\u1ee3i\u00a0<\/strong><\/span><\/p>\n<p><span style=\"color: #000000;\"><strong>\u27a5\u00a0<\/strong>Xem \u0111\u1ecba ch\u1ec9 c\u1eeda h\u00e0ng \u0110\u1ee9c L\u1ee3i t\u1ea1i \u0111\u00e2y:\u00a0<a style=\"color: #000000;\" href=\"https:\/\/goo.gl\/maps\/pf44vzrW4mx\" data-cke-saved-href=\"https:\/\/goo.gl\/maps\/pf44vzrW4mx\"><strong>C\u1eeda h\u00e0ng\u00a0\u0110\u1ee9c L\u1ee3i<\/strong><\/a><\/span><\/p>\n<p><span style=\"color: #000000;\"><strong>Giao h\u00e0ng v\u00e0 l\u1eafp \u0111\u1eb7t t\u1eadn nh\u00e0\u00a0SI\u00caU NHANH\u00a0v\u00e0\u00a0MI\u1ec4N PH\u00cd\u00a0t\u1ea1i TP.HCM.<\/strong><\/span><\/p>\n<p><span style=\"color: #000000;\"><strong>Thanh to\u00e1n sau khi nh\u1eadn, ki\u1ec3m tra v\u00e0\u00a0H\u00c0I L\u00d2NG\u00a0v\u1edbi ch\u1ea5t l\u01b0\u1ee3ng s\u1ea3n ph\u1ea9m<\/strong><\/span><\/p>\n<p><span style=\"color: #000000;\"><strong>B\u1ea3o h\u00e0nh 24 th\u00e1ng. Mi\u1ec5n ph\u00ed ti\u1ec1n c\u00f4ng s\u1eefa ch\u1eefa trong v\u00f2ng 5 n\u0103m.<\/strong><\/span><\/p>\n<p><span style=\"color: #000000;\"><strong>Xu\u1ea5t h\u00f3a \u0111\u01a1n VAT theo y\u00eau c\u1ea7u<\/strong><\/span><\/p>\n","protected":false},"excerpt":{"rendered":"<p><span style=\"color: #000000;\"><strong>Gi\u01b0\u1eddng g\u1ea5p v\u0103n ph\u00f2ng c\u00f3 n\u1ec7m g\u1ea5p x\u1ebfp \u0111a n\u0103ng\u00a0GB90<\/strong>\u00a0c\u00f3 b\u1ec1 r\u1ed9ng\u00a090cm, chi\u1ec1u d\u00e0i 1m8, chi\u1ec1u cao\u00a026cm, n\u1ec7m d\u00e0y 5cm, k\u00edch th\u01b0\u1edbc gi\u01b0\u1eddng th\u00edch h\u1ee3p cho 1 ng\u01b0\u1eddi n\u1eb1m ng\u1ee7 tho\u1ea3i m\u00e1i\u00a0ngh\u1ec9 ng\u01a1i\u00a0\u1edf nh\u1eefng n\u01a1i\u00a0nh\u01b0 v\u0103n ph\u00f2ng l\u00e0m vi\u1ec7c, kh\u00e1ch s\u1ea1n, k\u00fd t\u00fac x\u00e1, trung t\u00e2m ch\u0103m s\u00f3c s\u1ee9c kh\u1ecfe. Ph\u1ea7n \u0111\u1ea7u\u00a0<a style=\"color: #000000;\" href=\"https:\/\/vongxepgiare.com\/giuong-nem-gap-xep\/\" target=\"_blank\" rel=\"noopener noreferrer\">gi\u01b0\u1eddng n\u1ec7m x\u1ebfp<\/a>\u00a0\u0111a n\u0103ng\u00a0GB90\u00a0c\u00f3 th\u1ec3 n\u00e2ng cao 5 n\u1ea5c \u0111i\u1ec1u ch\u1ec9nh.<\/span><\/p>\n","protected":false},"featured_media":4706,"comment_status":"open","ping_status":"closed","template":"","meta":[],"_links":{"self":[{"href":"https:\/\/thietbitmg.com\/demo\/vongxep\/wp-json\/wp\/v2\/product\/4705"}],"collection":[{"href":"https:\/\/thietbitmg.com\/demo\/vongxep\/wp-json\/wp\/v2\/product"}],"about":[{"href":"https:\/\/thietbitmg.com\/demo\/vongxep\/wp-json\/wp\/v2\/types\/product"}],"replies":[{"embeddable":true,"href":"https:\/\/thietbitmg.com\/demo\/vongxep\/wp-json\/wp\/v2\/comments?post=4705"}],"wp:featuredmedia":[{"embeddable":true,"href":"https:\/\/thietbitmg.com\/demo\/vongxep\/wp-json\/wp\/v2\/media\/4706"}],"wp:attachment":[{"href":"https:\/\/thietbitmg.com\/demo\/vongxep\/wp-json\/wp\/v2\/media?parent=4705"}],"curies":[{"name":"wp","href":"https:\/\/api.w.org\/{rel}","templated":true}]}}