{"id":4711,"date":"2021-10-20T15:41:24","date_gmt":"2021-10-20T15:41:24","guid":{"rendered":"https:\/\/chuongdesigner.name.vn\/vongxep\/?post_type=product&#038;p=4711"},"modified":"2021-10-20T15:43:18","modified_gmt":"2021-10-20T15:43:18","slug":"giuong-xep-duy-loi-inox-co-nho","status":"publish","type":"product","link":"https:\/\/thietbitmg.com\/demo\/vongxep\/giuong-xep-duy-loi-inox-co-nho\/","title":{"rendered":"Gi\u01b0\u1eddng x\u1ebfp Duy L\u1ee3i Inox c\u1ee1 nh\u1ecf"},"content":{"rendered":"<p><span style=\"color: #000000;\"><strong>Gi\u01b0\u1eddng x\u1ebfp Duy L\u1ee3i Inox c\u1ee1 nh<\/strong>\u1ecf lo\u1ea1i gi\u01b0\u1eddng x\u1ebfp khung inox c\u1ee1 nh\u1ecf k\u00edch th\u01b0\u1edbc: D\u00e0i 170cm x R\u1ed9ng 60cm x Cao 25,5cm. K\u00edch th\u01b0\u1edbc gi\u01b0\u1eddng nh\u1ecf g\u1ecdn th\u00edch h\u1ee3p s\u1eed d\u1ee5ng cho kh\u00f4ng gian nh\u1ecf h\u1eb9p ho\u1eb7c d\u00f9ng l\u00e0m\u00a0<strong><a style=\"color: #000000;\" href=\"https:\/\/vongxepgiare.com\/giuong-xep-giuong-gap\/\" target=\"_blank\" rel=\"noopener noreferrer\">gi\u01b0\u1eddng x\u1ebfp<\/a>\u00a0em b\u00e9<\/strong>. Khung gi\u01b0\u1eddng x\u1ebfp inox kh\u00f4ng r\u1ec9 s\u00e9t, sang tr\u1ecdng b\u1ec1n v\u00e0 \u0111\u1eb9p h\u01a1n. B\u1ea3o h\u00e0nh ch\u00ednh h\u00e3ng Duy L\u1ee3i 10 n\u0103m. H\u1ed7 tr\u1ee3 giao h\u00e0ng t\u1eadn n\u01a1i.<\/span><\/p>\n<p><span style=\"color: #000000;\"><img loading=\"lazy\" class=\"lazy aligncenter size-full wp-image-3317\" src=\"https:\/\/vongxepgiare.com\/wp-content\/uploads\/2016\/02\/giuong-xep-duy-loi-inox-co-nho.jpg\" sizes=\"(max-width: 550px) 100vw, 550px\" alt=\"giuong xep inox co nho\" width=\"550\" height=\"366\" data-lazy-type=\"image\" data-lazy-src=\"https:\/\/vongxepgiare.com\/wp-content\/uploads\/2016\/02\/giuong-xep-duy-loi-inox-co-nho.jpg\" data-lazy-srcset=\"https:\/\/vongxepgiare.com\/wp-content\/uploads\/2016\/02\/giuong-xep-duy-loi-inox-co-nho.jpg 550w, https:\/\/vongxepgiare.com\/wp-content\/uploads\/2016\/02\/giuong-xep-duy-loi-inox-co-nho-300x200.jpg 300w\" \/><\/span><\/p>\n<h4><span style=\"color: #000000;\">TH\u00d4NG TIN CHI TI\u1ebeT GI\u01af\u1edcNG X\u1ebeP DUY L\u1ee2I KHUNG INOX C\u1ee0 NH\u1ece<\/span><\/h4>\n<p><span style=\"color: #000000;\">T\u00ean s\u1ea3n ph\u1ea9m:\u00a0<strong><a style=\"color: #000000;\" href=\"https:\/\/vongxepgiare.com\/giuong-xep-duy-loi\/\" target=\"_blank\" rel=\"noopener noreferrer\">Gi\u01b0\u1eddng x\u1ebfp Duy L\u1ee3i<\/a>\u00a0ki\u1ec3u c\u00f9ng s\u01b0\u1edbng khung th\u00e9p c\u1ee1 nh\u1ecf<\/strong><\/span><br \/>\n<span style=\"color: #000000;\">Xu\u1ea5t x\u1ee9 : Vi\u1ec7t Nam<\/span><br \/>\n<span style=\"color: #000000;\">Th\u01b0\u01a1ng hi\u1ec7u : Duy L\u1ee3i<\/span><br \/>\n<span style=\"color: #000000;\">Tr\u1ecdng L\u01b0\u1ee3ng :\u00a0 6kg<\/span><br \/>\n<span style=\"color: #000000;\">T\u1ea3i tr\u1ecdng t\u0129nh : 150kg<\/span><br \/>\n<span style=\"color: #000000;\">K\u00edch th\u01b0\u1edbc s\u1eed d\u1ee5ng :\u00a0<strong>D\u00e0i 170cm x r\u1ed9ng 60cm x cao 25,5cm<\/strong><\/span><br \/>\n<span style=\"color: #000000;\">K\u00edch th\u01b0\u1edbc \u0111\u00f3ng g\u00f3i : D\u00e0i 70cm x r\u1ed9ng 13cm x cao 65cm<\/span><br \/>\n<span style=\"color: #000000;\">Ch\u1ea5t li\u1ec7u v\u1ea3i : V\u1ea3i gi\u01b0\u1eddng 100% Polyester<\/span><\/p>\n<p><span style=\"color: #000000;\">B\u1ea3o h\u00e0nh khung gi\u01b0\u1eddng 10 n\u0103m ch\u00ednh h\u00e3ng Duy L\u1ee3i<\/span><br \/>\n<span style=\"color: #000000;\">Giao h\u00e0ng v\u00e0 l\u1eafp \u0111\u1eb7t t\u1eadn nh\u00e0\u00a0<strong>SI\u00caU NHANH<\/strong>\u00a0v\u00e0\u00a0<strong>MI\u1ec4N PH\u00cd<\/strong>\u00a0t\u1ea1i TP.HCM.<\/span><br \/>\n<span style=\"color: #000000;\">Thanh to\u00e1n sau khi nh\u1eadn, ki\u1ec3m tra v\u00e0\u00a0<strong>H\u00c0I L\u00d2NG<\/strong>\u00a0v\u1edbi ch\u1ea5t l\u01b0\u1ee3ng s\u1ea3n ph\u1ea9m.<\/span><\/p>\n<p><span style=\"color: #000000;\"><strong>GI\u00c1 KHUY\u1ebeN M\u00c3I: 889.000 VN\u0110<\/strong><\/span><\/p>\n<p><span style=\"color: #000000;\"><strong><img class=\"lazy\" src=\"https:\/\/ducloi.com.vn\/upload\/images\/hot.gif\" alt=\"KHUYEN MAI HOT\" data-lazy-type=\"image\" data-lazy-src=\"https:\/\/ducloi.com.vn\/upload\/images\/hot.gif\" \/>\u00a0CAM K\u1ebeT GI\u00c1 R\u1eba NH\u1ea4T \u2013 B\u1ea2O H\u00c0NH H\u1eacU M\u00c3I CHU \u0110\u00c1O<\/strong><\/span><\/p>\n<p><span style=\"color: #000000;\"><strong><img class=\"lazy\" src=\"https:\/\/ducloi.com.vn\/upload\/images\/hot.gif\" alt=\"KHUYEN MAI HOT\" data-lazy-type=\"image\" data-lazy-src=\"https:\/\/ducloi.com.vn\/upload\/images\/hot.gif\" \/><\/strong><strong>\u00a0GIAO H\u00c0NG SI\u00caU NHANH \u2013 G\u1eccI L\u00c0 C\u00d3 X\u00c0I<\/strong><\/span><\/p>\n<p><span style=\"color: #000000;\"><strong><img class=\"lazy\" src=\"https:\/\/ducloi.com.vn\/upload\/images\/hot.gif\" alt=\"KHUYEN MAI HOT\" data-lazy-type=\"image\" data-lazy-src=\"https:\/\/ducloi.com.vn\/upload\/images\/hot.gif\" \/><\/strong><strong>\u00a0GI\u1ea2M TH\u00caM 20.000 VN\u0110 KHI MUA T\u1ea0I C\u1ee6A H\u00c0NG\u00a0<\/strong><strong>261\/4 L\u00ea \u0110\u1ee9c Th\u1ecd<\/strong><strong>\u00a0P.17 Q. G\u00f2 V\u1ea5p TP.HCM<\/strong><\/span><\/p>\n<p><span style=\"color: #000000;\"><strong><img class=\"lazy\" src=\"https:\/\/ducloi.com.vn\/upload\/images\/hot.gif\" alt=\"KHUYEN MAI HOT\" data-lazy-type=\"image\" data-lazy-src=\"https:\/\/ducloi.com.vn\/upload\/images\/hot.gif\" \/><\/strong><strong>\u00a0GI\u1ea2M NGAY 5% GI\u00c1\u00a0<a style=\"color: #000000;\" href=\"https:\/\/vongxepgiare.com\/dai-ly-vong-xep\/\">V\u00d5NG X\u1ebeP<\/a>\u00a0KHI MUA C\u00d9NG GI\u01af\u1edcNG X\u1ebeP<\/strong><\/span><\/p>\n","protected":false},"excerpt":{"rendered":"<p><span style=\"color: #000000;\"><strong>Gi\u01b0\u1eddng x\u1ebfp Duy L\u1ee3i Inox c\u1ee1 nh<\/strong>\u1ecf lo\u1ea1i gi\u01b0\u1eddng x\u1ebfp khung inox c\u1ee1 nh\u1ecf k\u00edch th\u01b0\u1edbc: D\u00e0i 170cm x R\u1ed9ng 60cm x Cao 25,5cm. K\u00edch th\u01b0\u1edbc gi\u01b0\u1eddng nh\u1ecf g\u1ecdn th\u00edch h\u1ee3p s\u1eed d\u1ee5ng cho kh\u00f4ng gian nh\u1ecf h\u1eb9p ho\u1eb7c d\u00f9ng l\u00e0m\u00a0<strong><a style=\"color: #000000;\" href=\"https:\/\/vongxepgiare.com\/giuong-xep-giuong-gap\/\" target=\"_blank\" rel=\"noopener noreferrer\">gi\u01b0\u1eddng x\u1ebfp<\/a>\u00a0em b\u00e9<\/strong>. Khung gi\u01b0\u1eddng x\u1ebfp inox kh\u00f4ng r\u1ec9 s\u00e9t, sang tr\u1ecdng b\u1ec1n v\u00e0 \u0111\u1eb9p h\u01a1n. B\u1ea3o h\u00e0nh ch\u00ednh h\u00e3ng Duy L\u1ee3i 10 n\u0103m. H\u1ed7 tr\u1ee3 giao h\u00e0ng t\u1eadn n\u01a1i.<\/span><\/p>\n","protected":false},"featured_media":4712,"comment_status":"open","ping_status":"closed","template":"","meta":[],"_links":{"self":[{"href":"https:\/\/thietbitmg.com\/demo\/vongxep\/wp-json\/wp\/v2\/product\/4711"}],"collection":[{"href":"https:\/\/thietbitmg.com\/demo\/vongxep\/wp-json\/wp\/v2\/product"}],"about":[{"href":"https:\/\/thietbitmg.com\/demo\/vongxep\/wp-json\/wp\/v2\/types\/product"}],"replies":[{"embeddable":true,"href":"https:\/\/thietbitmg.com\/demo\/vongxep\/wp-json\/wp\/v2\/comments?post=4711"}],"wp:featuredmedia":[{"embeddable":true,"href":"https:\/\/thietbitmg.com\/demo\/vongxep\/wp-json\/wp\/v2\/media\/4712"}],"wp:attachment":[{"href":"https:\/\/thietbitmg.com\/demo\/vongxep\/wp-json\/wp\/v2\/media?parent=4711"}],"curies":[{"name":"wp","href":"https:\/\/api.w.org\/{rel}","templated":true}]}}