{"id":4713,"date":"2021-10-20T15:43:55","date_gmt":"2021-10-20T15:43:55","guid":{"rendered":"https:\/\/chuongdesigner.name.vn\/vongxep\/?post_type=product&#038;p=4713"},"modified":"2021-10-20T15:45:05","modified_gmt":"2021-10-20T15:45:05","slug":"giuong-nem-gap-xep-da-nang-nd68","status":"publish","type":"product","link":"https:\/\/thietbitmg.com\/demo\/vongxep\/giuong-nem-gap-xep-da-nang-nd68\/","title":{"rendered":"Gi\u01b0\u1eddng n\u1ec7m g\u1ea5p x\u1ebfp \u0111a n\u0103ng ND68"},"content":{"rendered":"<p><span style=\"color: #000000;\">Gi\u01b0\u1eddng n\u1ec7m g\u1ea5p x\u1ebfp \u0111a n\u0103ng ND68 lo\u1ea1i\u00a0<a style=\"color: #000000;\" href=\"https:\/\/vongxepgiare.com\/giuong-xep-giuong-gap\/\" target=\"_blank\" rel=\"noopener noreferrer\">gi\u01b0\u1eddng g\u1ea5p<\/a>\u00a0c\u00f3 t\u1ea5m n\u1ec7m d\u00e0y\u00a0\u00eam, gi\u01b0\u1eddng g\u1ed3m 3 kh\u00fac c\u00f3 th\u1ec3 g\u1ea5p x\u1ebfp d\u1ec5 d\u00e0ng. Gi\u01b0\u1eddng c\u00f3 k\u00edch th\u01b0\u1edbc chi\u1ec1u d\u00e0i 1,80m; chi\u1ec1u r\u1ed9ng 0,68m; chi\u1ec1u cao 0,26m ph\u00f9 h\u1ee3p v\u1edbi m\u1ecdi kh\u00f4ng gian nh\u01b0 v\u0103n ph\u00f2ng, kh\u00e1ch s\u1ea1n, k\u00fd t\u00fac x\u00e1, trung t\u00e2m ch\u0103m s\u00f3c s\u1ee9c kh\u1ecfe\u2026 \u00a0\u0110\u1ea7u gi\u01b0\u1eddng c\u00f3 th\u1ec3 n\u00e2ng l\u00ean h\u1ea1 xu\u1ed1ng v\u1edbi 5 m\u1ee9c\u00a0\u0111\u1ed9 r\u1ea5t ti\u1ec7n d\u1ee5ng trong l\u00fac \u0111\u1ecdc s\u00e1ch, th\u01b0 gi\u00e3n ho\u1eb7c b\u1ec7nh nh\u00e2n trong \u0111i\u1ec1u tr\u1ecb \u0111\u01b0\u1ee3c\u00a0 b\u00e1c s\u0129 ch\u1ec9 \u0111\u1ecbnh n\u1eb1m cao \u0111\u1ea7u.<\/span><\/p>\n<p><span style=\"color: #000000;\"><img loading=\"lazy\" class=\"lazy aligncenter size-full wp-image-3815\" src=\"https:\/\/vongxepgiare.com\/wp-content\/uploads\/2016\/05\/giuong-nem-gap-xep-gia-re-1.jpg\" sizes=\"(max-width: 546px) 100vw, 546px\" alt=\"giuong nem gap xep gia re\" width=\"546\" height=\"572\" data-lazy-type=\"image\" data-lazy-src=\"https:\/\/vongxepgiare.com\/wp-content\/uploads\/2016\/05\/giuong-nem-gap-xep-gia-re-1.jpg\" data-lazy-srcset=\"https:\/\/vongxepgiare.com\/wp-content\/uploads\/2016\/05\/giuong-nem-gap-xep-gia-re-1.jpg 546w, https:\/\/vongxepgiare.com\/wp-content\/uploads\/2016\/05\/giuong-nem-gap-xep-gia-re-1-286x300.jpg 286w\" \/><\/span><\/p>\n<h4><span style=\"color: #000000;\">TH\u00d4NG S\u1ed0 K\u0128 THU\u1eacT S\u1ea2N PH\u1ea8M GI\u01af\u1edcNG N\u1ec6M DL20<\/span><\/h4>\n<p><span style=\"color: #000000;\">T\u00ean s\u1ea3n ph\u1ea9m:<strong><a style=\"color: #000000;\" href=\"https:\/\/vongxepgiare.com\/giuong-nem-gap-xep\/\" target=\"_blank\" rel=\"noopener noreferrer\">Gi\u01b0\u1eddng n\u1ec7m<\/a>\u00a0g\u1ea5p x\u1ebfp \u0111a n\u0103ng \u00a0ND68<\/strong><\/span><br \/>\n<span style=\"color: #000000;\">Xu\u1ea5t x\u1ee9 : Vi\u1ec7t Nam<\/span><br \/>\n<span style=\"color: #000000;\">Th\u01b0\u01a1ng hi\u1ec7u :\u00a0<b>\u0110\u1ee9c L\u1ee3i<\/b><\/span><br \/>\n<span style=\"color: #000000;\">Tr\u1ecdng L\u01b0\u1ee3ng : 17 kg<\/span><br \/>\n<span style=\"color: #000000;\">T\u1ea3i tr\u1ecdng t\u0129nh : 100kg<\/span><br \/>\n<span style=\"color: #000000;\">K\u00edch th\u01b0\u1edbc s\u1eed d\u1ee5ng :\u00a0<strong>Chi\u1ec1u d\u00e0i 1,80m; chi\u1ec1u r\u1ed9ng 0,68m; chi\u1ec1u cao 0,26m<\/strong><\/span><br \/>\n<span style=\"color: #000000;\">K\u00edch th\u01b0\u1edbc \u0111\u00f3ng g\u00f3i : Chi\u1ec1u d\u00e0i 0,74m; chi\u1ec1u r\u1ed9ng 0,68m; chi\u1ec1u cao 0,26m<\/span><br \/>\n<span style=\"color: #000000;\">Ch\u1ea5t li\u1ec7u v\u1ea3i : N\u1ec7m d\u00e0y 5cm<\/span><br \/>\n<span style=\"color: #000000;\">B\u1ea3o h\u00e0nh ch\u00ednh h\u00e3ng 12 th\u00e1ng.<\/span><br \/>\n<span style=\"color: #000000;\">H\u1ed7 tr\u1ee3 giao h\u00e0ng l\u1eafp \u0111\u1eb7t t\u1eadn n\u01a1i t\u1ea1i TPHCM.<\/span><br \/>\n<span style=\"color: #000000;\">\u0110\u1ed5i tr\u1ea3 trong v\u00f2ng 7 ng\u00e0y n\u1ebfu kh\u00f4ng h\u00e0i l\u00f2ng v\u1ec1 ch\u1ea5t l\u01b0\u1ee3ng s\u1ea3n ph\u1ea9m.<\/span><\/p>\n<p><span style=\"color: #000000;\"><strong>GI\u00c1 KHUY\u1ebeN M\u00c3I: 1.980.000 VN\u0110<br \/>\n<\/strong><\/span><\/p>\n<p><span style=\"color: #000000;\"><strong><img class=\"lazy\" src=\"https:\/\/ducloi.com.vn\/upload\/images\/hot.gif\" alt=\"KHUYEN MAI HOT\" data-lazy-type=\"image\" data-lazy-src=\"https:\/\/ducloi.com.vn\/upload\/images\/hot.gif\" data-cke-saved-src=\"https:\/\/ducloi.com.vn\/upload\/images\/hot.gif\" \/>\u00a0T\u1eb7ng ngay v\u00f5ng d\u00f9 Th\u00e1i Lan tr\u1ecb gi\u00e1 100.000 vn\u0111 khi mua\u00a0gi\u01b0\u1eddng n\u1ec7m x\u1ebfp<\/strong><\/span><\/p>\n<p><span style=\"color: #000000;\"><strong>\u27a5\u00a0<\/strong>Xem s\u1ea3n ph\u1ea9m khuy\u1ebfn m\u00e3i t\u1ea1i \u0111\u00e2y:\u00a0<a style=\"color: #000000;\" href=\"http:\/\/ducloi.com.vn\/vong-xep-31\/vong-du-tot-ben-gia-re\" target=\"_blank\" rel=\"noopener noreferrer\"><strong>www.DucLoi.com.vn\/v\u00f5ng-d\u00f9-th\u00e1i-lan\/<\/strong><\/a><\/span><\/p>\n<p><span style=\"color: #000000;\"><strong><img class=\"lazy\" src=\"https:\/\/ducloi.com.vn\/upload\/images\/hot.gif\" alt=\"KHUYEN MAI HOT\" data-lazy-type=\"image\" data-lazy-src=\"https:\/\/ducloi.com.vn\/upload\/images\/hot.gif\" data-cke-saved-src=\"https:\/\/ducloi.com.vn\/upload\/images\/hot.gif\" \/>\u00a0<\/strong><strong>Gi\u1ea3m ngay 50.000 VN\u0110 khi xem v\u00e0 mua h\u00e0ng t\u1ea1i c\u1eeda h\u00e0ng \u0110\u1ee9c L\u1ee3i\u00a0<\/strong><\/span><\/p>\n<p><span style=\"color: #000000;\"><strong>\u27a5\u00a0<\/strong>Xem \u0111\u1ecba ch\u1ec9 c\u1eeda h\u00e0ng \u0110\u1ee9c L\u1ee3i t\u1ea1i \u0111\u00e2y:\u00a0<a style=\"color: #000000;\" href=\"https:\/\/goo.gl\/maps\/pf44vzrW4mx\"><strong>C\u1eeda h\u00e0ng\u00a0\u0110\u1ee9c L\u1ee3i<\/strong><\/a><\/span><\/p>\n<p><span style=\"color: #000000;\"><strong>Giao h\u00e0ng v\u00e0 l\u1eafp \u0111\u1eb7t t\u1eadn nh\u00e0\u00a0SI\u00caU NHANH\u00a0v\u00e0\u00a0MI\u1ec4N PH\u00cd\u00a0t\u1ea1i TP.HCM.<\/strong><\/span><\/p>\n<p><span style=\"color: #000000;\"><strong>Thanh to\u00e1n sau khi nh\u1eadn, ki\u1ec3m tra v\u00e0\u00a0H\u00c0I L\u00d2NG\u00a0v\u1edbi ch\u1ea5t l\u01b0\u1ee3ng s\u1ea3n ph\u1ea9m<\/strong><\/span><\/p>\n<p><span style=\"color: #000000;\"><strong>\u00a0B\u1ea3o h\u00e0nh 24 th\u00e1ng. Mi\u1ec5n ph\u00ed ti\u1ec1n c\u00f4ng s\u1eefa ch\u1eefa trong v\u00f2ng 5 n\u0103m.<\/strong><\/span><\/p>\n<p><span style=\"color: #000000;\"><strong>Xu\u1ea5t h\u00f3a \u0111\u01a1n VAT theo y\u00eau c\u1ea7u<\/strong><\/span><\/p>\n","protected":false},"excerpt":{"rendered":"<p><span style=\"color: #000000;\">Gi\u01b0\u1eddng n\u1ec7m g\u1ea5p x\u1ebfp \u0111a n\u0103ng ND68 lo\u1ea1i\u00a0<a style=\"color: #000000;\" href=\"https:\/\/vongxepgiare.com\/giuong-xep-giuong-gap\/\" target=\"_blank\" rel=\"noopener noreferrer\">gi\u01b0\u1eddng g\u1ea5p<\/a>\u00a0c\u00f3 t\u1ea5m n\u1ec7m d\u00e0y\u00a0\u00eam, gi\u01b0\u1eddng g\u1ed3m 3 kh\u00fac c\u00f3 th\u1ec3 g\u1ea5p x\u1ebfp d\u1ec5 d\u00e0ng. <\/span><\/p>\n","protected":false},"featured_media":4714,"comment_status":"open","ping_status":"closed","template":"","meta":[],"_links":{"self":[{"href":"https:\/\/thietbitmg.com\/demo\/vongxep\/wp-json\/wp\/v2\/product\/4713"}],"collection":[{"href":"https:\/\/thietbitmg.com\/demo\/vongxep\/wp-json\/wp\/v2\/product"}],"about":[{"href":"https:\/\/thietbitmg.com\/demo\/vongxep\/wp-json\/wp\/v2\/types\/product"}],"replies":[{"embeddable":true,"href":"https:\/\/thietbitmg.com\/demo\/vongxep\/wp-json\/wp\/v2\/comments?post=4713"}],"wp:featuredmedia":[{"embeddable":true,"href":"https:\/\/thietbitmg.com\/demo\/vongxep\/wp-json\/wp\/v2\/media\/4714"}],"wp:attachment":[{"href":"https:\/\/thietbitmg.com\/demo\/vongxep\/wp-json\/wp\/v2\/media?parent=4713"}],"curies":[{"name":"wp","href":"https:\/\/api.w.org\/{rel}","templated":true}]}}