{"id":4720,"date":"2021-10-20T15:49:50","date_gmt":"2021-10-20T15:49:50","guid":{"rendered":"https:\/\/chuongdesigner.name.vn\/vongxep\/?post_type=product&#038;p=4720"},"modified":"2021-10-20T15:51:09","modified_gmt":"2021-10-20T15:51:09","slug":"giuong-nem-gap-xep-da-nang-nd74","status":"publish","type":"product","link":"https:\/\/thietbitmg.com\/demo\/vongxep\/giuong-nem-gap-xep-da-nang-nd74\/","title":{"rendered":"Gi\u01b0\u1eddng n\u1ec7m g\u1ea5p x\u1ebfp \u0111a n\u0103ng ND74"},"content":{"rendered":"<p><span style=\"color: #000000;\"><strong>Gi\u01b0\u1eddng n\u1ec7m g\u1ea5p x\u1ebfp \u0111a n\u0103ng ND74\u00a0<\/strong>\u00a0lo\u1ea1i gi\u01b0\u1eddng x\u1ebfp c\u00f3 l\u1edbp n\u1ec7m d\u00e0y 6cm, k\u00edch th\u01b0\u1edbc s\u1eed d\u1ee5ng\u00a0chi\u1ec1u d\u00e0i 190cm, chi\u1ec1u r\u1ed9ng \u00a0750cm, chi\u1ec1u cao 28cm, c\u00f3 th\u1ec3 x\u1ebfp g\u1ecdn (chi\u1ec1u d\u00e0i 100cm, chi\u1ec1u r\u1ed9ng 75cm, chi\u1ec1u cao 20cm ) c\u1ea5t v\u00e0o m\u1ed9t g\u00f3c gi\u00fap ti\u1ebft ki\u1ec7m kh\u00f4ng gian t\u1ed1i \u0111a, ph\u00f9 h\u1ee3p v\u1edbi nhi\u1ec1u kh\u00f4ng gian\u00a0nh\u01b0 v\u0103n ph\u00f2ng, kh\u00e1ch s\u1ea1n, k\u00fd t\u00fac x\u00e1, trung t\u00e2m ch\u0103m s\u00f3c s\u1ee9c kh\u1ecfe\u2026<\/span><\/p>\n<p><span style=\"color: #000000;\">Ngo\u00e0i ra, ph\u1ea7n \u0111\u1ea7u gi\u01b0\u1eddng c\u00f3 th\u1ec3 n\u00e2ng l\u00ean h\u1ea1 xu\u1ed1ng v\u1edbi 5 c\u1ea5p \u0111\u1ed9\u00a0r\u1ea5t ti\u1ec7n d\u1ee5ng trong l\u00fac \u0111\u1ecdc s\u00e1ch, th\u01b0 gi\u00e3n ho\u1eb7c b\u1ec7nh nh\u00e2n trong \u0111i\u1ec1u tr\u1ecb \u0111\u01b0\u1ee3c \u00a0b\u00e1c s\u0129 ch\u1ec9 \u0111\u1ecbnh n\u1eb1m cao \u0111\u1ea7u.<\/span><\/p>\n<p><span style=\"color: #000000;\"><img loading=\"lazy\" class=\"lazy aligncenter size-full wp-image-3914\" src=\"https:\/\/vongxepgiare.com\/wp-content\/uploads\/2016\/05\/giuong-nem-gap-da-nang.jpg\" sizes=\"(max-width: 550px) 100vw, 550px\" alt=\"gi\u01b0\u1eddng n\u1ec7m x\u1ebfp g\u1ea5p \u0111a n\u0103ng\" width=\"550\" height=\"386\" data-lazy-type=\"image\" data-lazy-src=\"https:\/\/vongxepgiare.com\/wp-content\/uploads\/2016\/05\/giuong-nem-gap-da-nang.jpg\" data-lazy-srcset=\"https:\/\/vongxepgiare.com\/wp-content\/uploads\/2016\/05\/giuong-nem-gap-da-nang.jpg 550w, https:\/\/vongxepgiare.com\/wp-content\/uploads\/2016\/05\/giuong-nem-gap-da-nang-300x211.jpg 300w\" \/><\/span><\/p>\n<h4><span style=\"color: #000000;\">TH\u00d4NG S\u1ed0 K\u0128 THU\u1eacT M\u1eaaU GI\u01af\u1edcNG N\u1ec6M G\u1ea4P X\u1ebeP \u0110A N\u0102NG ND74<\/span><\/h4>\n<p><span style=\"color: #000000;\">T\u00ean s\u1ea3n ph\u1ea9m:\u00a0<strong>Gi\u01b0\u1eddng n\u1ec7m g\u1ea5p x\u1ebfp \u0111a n\u0103ng ND74<\/strong><\/span><br \/>\n<span style=\"color: #000000;\">Xu\u1ea5t x\u1ee9 : Vi\u1ec7t Nam<\/span><br \/>\n<span style=\"color: #000000;\">Th\u01b0\u01a1ng hi\u1ec7u :\u00a0<strong>\u0110\u1ee9c L\u1ee3i<\/strong><\/span><br \/>\n<span style=\"color: #000000;\">Tr\u1ecdng L\u01b0\u1ee3ng : Gi\u01b0\u1eddng 2 kh\u00fac 19 kg<\/span><br \/>\n<span style=\"color: #000000;\">T\u1ea3i tr\u1ecdng t\u0129nh : 100kg<\/span><br \/>\n<span style=\"color: #000000;\">K\u00edch th\u01b0\u1edbc s\u1eed d\u1ee5ng :\u00a0<strong>Chi\u1ec1u d\u00e0i 190cm, chi\u1ec1u r\u1ed9ng \u00a075 cm, chi\u1ec1u cao 28cm<\/strong><\/span><br \/>\n<span style=\"color: #000000;\">K\u00edch th\u01b0\u1edbc \u0111\u00f3ng g\u00f3i :\u00a0<strong>Chi\u1ec1u d\u00e0i 100cm, chi\u1ec1u r\u1ed9ng 75cm, chi\u1ec1u cao 20cm<\/strong><\/span><br \/>\n<span style=\"color: #000000;\">Ch\u1ea5t li\u1ec7u v\u1ea3i : N\u1ec7m d\u00e0y 6cm<\/span><br \/>\n<span style=\"color: #000000;\"><strong>B\u1ea3o h\u00e0nh ch\u00ednh h\u00e3ng 12 th\u00e1ng.<\/strong><\/span><br \/>\n<span style=\"color: #000000;\"><strong>H\u1ed7 tr\u1ee3 giao h\u00e0ng l\u1eafp \u0111\u1eb7t Mi\u1ec5n Ph\u00ed t\u1eadn n\u01a1i t\u1ea1i TPHCM.<\/strong><\/span><br \/>\n<span style=\"color: #000000;\"><strong>\u0110\u1ed5i tr\u1ea3 trong v\u00f2ng 24h n\u1ebfu kh\u00f4ng h\u00e0i l\u00f2ng v\u1ec1 ch\u1ea5t l\u01b0\u1ee3ng s\u1ea3n ph\u1ea9m.<\/strong><\/span><\/p>\n<p><span style=\"color: #000000;\"><strong>GI\u00c1 B\u00c1N S\u1ec8 (5 C\u00c1I)<\/strong><strong>: 2.030.000 VN\u0110<\/strong><\/span><\/p>\n<p><span style=\"color: #000000;\"><strong>GI\u00c1 KHUY\u1ebeN M\u00c3I: 2.490.000 VN\u0110<br \/>\n<\/strong><\/span><\/p>\n<p><span style=\"color: #000000;\"><strong><img class=\"lazy\" src=\"https:\/\/ducloi.com.vn\/upload\/images\/hot.gif\" alt=\"KHUYEN MAI HOT\" data-lazy-type=\"image\" data-lazy-src=\"https:\/\/ducloi.com.vn\/upload\/images\/hot.gif\" data-cke-saved-src=\"https:\/\/ducloi.com.vn\/upload\/images\/hot.gif\" \/>\u00a0T\u1eb7ng ngay v\u00f5ng d\u00f9 Th\u00e1i Lan tr\u1ecb gi\u00e1 100.000 vn\u0111 khi mua\u00a0gi\u01b0\u1eddng n\u1ec7m x\u1ebfp<\/strong><\/span><\/p>\n<p><span style=\"color: #000000;\"><strong>\u27a5\u00a0<\/strong>Xem s\u1ea3n ph\u1ea9m khuy\u1ebfn m\u00e3i t\u1ea1i \u0111\u00e2y:\u00a0<a style=\"color: #000000;\" href=\"http:\/\/ducloi.com.vn\/vong-xep-31\/vong-du-tot-ben-gia-re\" target=\"_blank\" rel=\"noopener noreferrer\"><strong>www.DucLoi.com.vn\/v\u00f5ng-d\u00f9-th\u00e1i-lan\/<\/strong><\/a><\/span><\/p>\n<p><span style=\"color: #000000;\"><strong><img class=\"lazy\" src=\"https:\/\/ducloi.com.vn\/upload\/images\/hot.gif\" alt=\"KHUYEN MAI HOT\" data-lazy-type=\"image\" data-lazy-src=\"https:\/\/ducloi.com.vn\/upload\/images\/hot.gif\" data-cke-saved-src=\"https:\/\/ducloi.com.vn\/upload\/images\/hot.gif\" \/>\u00a0<\/strong><strong>Gi\u1ea3m ngay 50.000 VN\u0110 khi xem v\u00e0 mua h\u00e0ng t\u1ea1i c\u1eeda h\u00e0ng \u0110\u1ee9c L\u1ee3i\u00a0<\/strong><\/span><\/p>\n<p><span style=\"color: #000000;\"><strong>\u27a5\u00a0<\/strong>Xem \u0111\u1ecba ch\u1ec9 c\u1eeda h\u00e0ng \u0110\u1ee9c L\u1ee3i t\u1ea1i \u0111\u00e2y:\u00a0<a style=\"color: #000000;\" href=\"https:\/\/goo.gl\/maps\/pf44vzrW4mx\"><strong>C\u1eeda h\u00e0ng\u00a0\u0110\u1ee9c L\u1ee3i<\/strong><\/a><\/span><\/p>\n<p><span style=\"color: #000000;\"><strong>Giao h\u00e0ng v\u00e0 l\u1eafp \u0111\u1eb7t t\u1eadn nh\u00e0\u00a0SI\u00caU NHANH\u00a0v\u00e0\u00a0MI\u1ec4N PH\u00cd\u00a0t\u1ea1i TP.HCM.<\/strong><\/span><\/p>\n<p><span style=\"color: #000000;\"><strong>Thanh to\u00e1n sau khi nh\u1eadn, ki\u1ec3m tra v\u00e0\u00a0H\u00c0I L\u00d2NG\u00a0v\u1edbi ch\u1ea5t l\u01b0\u1ee3ng s\u1ea3n ph\u1ea9m<\/strong><\/span><\/p>\n<p><span style=\"color: #000000;\"><strong>\u00a0B\u1ea3o h\u00e0nh 24 th\u00e1ng. Mi\u1ec5n ph\u00ed ti\u1ec1n c\u00f4ng s\u1eefa ch\u1eefa trong v\u00f2ng 5 n\u0103m.<\/strong><\/span><\/p>\n<p><span style=\"color: #000000;\"><strong>Xu\u1ea5t h\u00f3a \u0111\u01a1n VAT theo y\u00eau c\u1ea7u<\/strong><\/span><\/p>\n","protected":false},"excerpt":{"rendered":"<p><span style=\"color: #000000;\"><strong>Gi\u01b0\u1eddng n\u1ec7m g\u1ea5p x\u1ebfp \u0111a n\u0103ng ND74\u00a0<\/strong> lo\u1ea1i gi\u01b0\u1eddng x\u1ebfp c\u00f3 l\u1edbp n\u1ec7m d\u00e0y 6cm, k\u00edch th\u01b0\u1edbc s\u1eed d\u1ee5ng chi\u1ec1u d\u00e0i 190cm, chi\u1ec1u r\u1ed9ng \u00a0750cm, chi\u1ec1u cao 28cm, c\u00f3 th\u1ec3 x\u1ebfp g\u1ecdn.<\/span><\/p>\n","protected":false},"featured_media":4721,"comment_status":"open","ping_status":"closed","template":"","meta":[],"_links":{"self":[{"href":"https:\/\/thietbitmg.com\/demo\/vongxep\/wp-json\/wp\/v2\/product\/4720"}],"collection":[{"href":"https:\/\/thietbitmg.com\/demo\/vongxep\/wp-json\/wp\/v2\/product"}],"about":[{"href":"https:\/\/thietbitmg.com\/demo\/vongxep\/wp-json\/wp\/v2\/types\/product"}],"replies":[{"embeddable":true,"href":"https:\/\/thietbitmg.com\/demo\/vongxep\/wp-json\/wp\/v2\/comments?post=4720"}],"wp:featuredmedia":[{"embeddable":true,"href":"https:\/\/thietbitmg.com\/demo\/vongxep\/wp-json\/wp\/v2\/media\/4721"}],"wp:attachment":[{"href":"https:\/\/thietbitmg.com\/demo\/vongxep\/wp-json\/wp\/v2\/media?parent=4720"}],"curies":[{"name":"wp","href":"https:\/\/api.w.org\/{rel}","templated":true}]}}