{"id":4728,"date":"2021-10-20T16:01:28","date_gmt":"2021-10-20T16:01:28","guid":{"rendered":"https:\/\/chuongdesigner.name.vn\/vongxep\/?post_type=product&#038;p=4728"},"modified":"2021-10-20T16:02:32","modified_gmt":"2021-10-20T16:02:32","slug":"giuong-xep-kieu-han-quoc-dl24","status":"publish","type":"product","link":"https:\/\/thietbitmg.com\/demo\/vongxep\/giuong-xep-kieu-han-quoc-dl24\/","title":{"rendered":"Gi\u01b0\u1eddng x\u1ebfp ki\u1ec3u H\u00e0n Qu\u1ed1c DL24"},"content":{"rendered":"<p><span style=\"color: #000000;\">Gi\u01b0\u1eddng x\u1ebfp ki\u1ec3u H\u00e0n Qu\u1ed1c DL24 lo\u1ea1i\u00a0<a style=\"color: #000000;\" href=\"https:\/\/vongxepgiare.com\/giuong-nem-gap-xep\/\">gi\u01b0\u1eddng n\u1ec7m<\/a>\u00a0d\u00e0y v\u00e0 \u00eam \u00e1i, c\u00f3 th\u1ec3 g\u1ea5p x\u1ebfp g\u1ecdn sau khi s\u1eed d\u1ee5ng, ti\u1ebft ki\u1ec7m di\u1ec7n t\u00edch t\u1ed1i \u0111a. K\u00edch th\u01b0\u1edbc s\u1eed d\u1ee5ng chi\u1ec1u d\u00e0i 180cm, chi\u1ec1u r\u1ed9ng 65cm, chi\u1ec1u cao 35 cm, k\u00edch th\u01b0\u1edbc g\u1ea5p g\u1ecdn chi\u1ec1u d\u00e0i 95cm, chi\u1ec1u r\u1ed9ng 65cm. M\u1eabu gi\u01b0\u1eddng n\u1ec7m g\u1ea5p x\u1ebfp nh\u1ecf g\u1ecdn th\u00edch h\u1ee3p cho ng\u01b0\u1eddi cao d\u01b0\u1edbi 1m7, l\u00e0 m\u1eabu gi\u01b0\u1eddng ng\u1ee7\u00a0ch\u1eafn ch\u1eafn, ti\u1ec7n d\u1ee5ng, \u0111a ch\u1ee9c n\u0103ng s\u1ebd l\u00e0 g\u1ee3i \u00fd th\u00f4ng minh cho m\u1ecdi c\u0103n ph\u00f2ng c\u00f3 di\u1ec7n t\u00edch khi\u00eam t\u1ed1n..<\/span><\/p>\n<p><span style=\"color: #000000;\"><img loading=\"lazy\" class=\"lazy aligncenter size-full wp-image-3994\" src=\"https:\/\/vongxepgiare.com\/wp-content\/uploads\/2016\/05\/giuong-gap-kieu-han-quoc.jpg\" sizes=\"(max-width: 550px) 100vw, 550px\" alt=\"gi\u01b0\u1eddng g\u1ea5p ki\u1ec3u H\u00e0n Qu\u1ed1c\" width=\"550\" height=\"294\" data-lazy-type=\"image\" data-lazy-src=\"https:\/\/vongxepgiare.com\/wp-content\/uploads\/2016\/05\/giuong-gap-kieu-han-quoc.jpg\" data-lazy-srcset=\"https:\/\/vongxepgiare.com\/wp-content\/uploads\/2016\/05\/giuong-gap-kieu-han-quoc.jpg 550w, https:\/\/vongxepgiare.com\/wp-content\/uploads\/2016\/05\/giuong-gap-kieu-han-quoc-300x160.jpg 300w\" \/><\/span><\/p>\n<h4><span style=\"color: #000000;\">TH\u00d4NG S\u1ed0 K\u0128 THU\u1eacT GI\u01af\u1edcNG G\u1ea4P KI\u1ec2U H\u00c0N QU\u1ed0C DL24<\/span><\/h4>\n<p><span style=\"color: #000000;\">T\u00ean s\u1ea3n ph\u1ea9m:\u00a0<strong><a style=\"color: #000000;\" href=\"https:\/\/vongxepgiare.com\/giuong-xep-han-quoc\/\">Gi\u01b0\u1eddng x\u1ebfp ki\u1ec3u H\u00e0n Qu\u1ed1c<\/a>\u00a0DL24<\/strong><\/span><br \/>\n<span style=\"color: #000000;\">Xu\u1ea5t x\u1ee9 : Vi\u1ec7t Nam<\/span><br \/>\n<span style=\"color: #000000;\">Tr\u1ecdng L\u01b0\u1ee3ng : 17,7 kg<\/span><br \/>\n<span style=\"color: #000000;\">T\u1ea3i tr\u1ecdng t\u0129nh : 120kg<\/span><br \/>\n<span style=\"color: #000000;\">K\u00edch th\u01b0\u1edbc s\u1eed d\u1ee5ng : Chi\u1ec1u d\u00e0i 1,80m; chi\u1ec1u r\u1ed9ng 0,65m; chi\u1ec1u cao 0,35m<\/span><br \/>\n<span style=\"color: #000000;\">K\u00edch th\u01b0\u1edbc \u0111\u00f3ng g\u00f3i : Chi\u1ec1u d\u00e0i 0,95m; chi\u1ec1u r\u1ed9ng 0,65m<\/span><br \/>\n<span style=\"color: #000000;\">Ch\u1ea5t li\u1ec7u v\u1ea3i : N\u1ec7m d\u00e0y 7cm<\/span><br \/>\n<span style=\"color: #000000;\">B\u1ea3o h\u00e0nh ch\u00ednh h\u00e3ng 12 th\u00e1ng.<\/span><br \/>\n<span style=\"color: #000000;\">H\u1ed7 tr\u1ee3 giao h\u00e0ng l\u1eafp \u0111\u1eb7t t\u1eadn n\u01a1i t\u1ea1i TPHCM.<\/span><br \/>\n<span style=\"color: #000000;\">\u0110\u1ed5i tr\u1ea3 trong v\u00f2ng 7 ng\u00e0y n\u1ebfu kh\u00f4ng h\u00e0i l\u00f2ng v\u1ec1 ch\u1ea5t l\u01b0\u1ee3ng s\u1ea3n ph\u1ea9m.<\/span><\/p>\n<p><span style=\"color: #000000;\"><strong>GI\u00c1 KHUY\u1ebeN M\u00c3I: 2.180.000 VN\u0110<br \/>\n<\/strong><\/span><\/p>\n<p><span style=\"color: #000000;\"><strong><img class=\"lazy\" src=\"https:\/\/ducloi.com.vn\/upload\/images\/hot.gif\" alt=\"KHUYEN MAI HOT\" data-lazy-type=\"image\" data-lazy-src=\"https:\/\/ducloi.com.vn\/upload\/images\/hot.gif\" data-cke-saved-src=\"https:\/\/ducloi.com.vn\/upload\/images\/hot.gif\" \/>\u00a0T\u1eb7ng ngay v\u00f5ng d\u00f9 Th\u00e1i Lan tr\u1ecb gi\u00e1 100.000 vn\u0111 khi mua\u00a0gi\u01b0\u1eddng n\u1ec7m x\u1ebfp<\/strong><\/span><\/p>\n<p><span style=\"color: #000000;\"><strong>\u27a5\u00a0<\/strong>Xem s\u1ea3n ph\u1ea9m khuy\u1ebfn m\u00e3i t\u1ea1i \u0111\u00e2y:\u00a0<a style=\"color: #000000;\" href=\"http:\/\/ducloi.com.vn\/vong-xep-31\/vong-du-tot-ben-gia-re\" target=\"_blank\" rel=\"noopener noreferrer\"><strong>www.DucLoi.com.vn\/v\u00f5ng-d\u00f9-th\u00e1i-lan\/<\/strong><\/a><\/span><\/p>\n<p><span style=\"color: #000000;\"><strong><img class=\"lazy\" src=\"https:\/\/ducloi.com.vn\/upload\/images\/hot.gif\" alt=\"KHUYEN MAI HOT\" data-lazy-type=\"image\" data-lazy-src=\"https:\/\/ducloi.com.vn\/upload\/images\/hot.gif\" data-cke-saved-src=\"https:\/\/ducloi.com.vn\/upload\/images\/hot.gif\" \/>\u00a0<\/strong><strong>Gi\u1ea3m ngay 50.000 VN\u0110 khi xem v\u00e0 mua h\u00e0ng t\u1ea1i c\u1eeda h\u00e0ng \u0110\u1ee9c L\u1ee3i\u00a0<\/strong><\/span><\/p>\n<p><span style=\"color: #000000;\"><strong>\u27a5\u00a0<\/strong>Xem \u0111\u1ecba ch\u1ec9 c\u1eeda h\u00e0ng \u0110\u1ee9c L\u1ee3i t\u1ea1i \u0111\u00e2y:\u00a0<a style=\"color: #000000;\" href=\"https:\/\/goo.gl\/maps\/pf44vzrW4mx\"><strong>C\u1eeda h\u00e0ng\u00a0\u0110\u1ee9c L\u1ee3i<\/strong><\/a><\/span><\/p>\n<p><span style=\"color: #000000;\"><strong>Giao h\u00e0ng v\u00e0 l\u1eafp \u0111\u1eb7t t\u1eadn nh\u00e0\u00a0SI\u00caU NHANH\u00a0v\u00e0\u00a0MI\u1ec4N PH\u00cd\u00a0t\u1ea1i TP.HCM.<\/strong><\/span><\/p>\n<p><span style=\"color: #000000;\"><strong>Thanh to\u00e1n sau khi nh\u1eadn, ki\u1ec3m tra v\u00e0\u00a0H\u00c0I L\u00d2NG\u00a0v\u1edbi ch\u1ea5t l\u01b0\u1ee3ng s\u1ea3n ph\u1ea9m<\/strong><\/span><\/p>\n<p><span style=\"color: #000000;\"><strong>\u00a0B\u1ea3o h\u00e0nh 24 th\u00e1ng. Mi\u1ec5n ph\u00ed ti\u1ec1n c\u00f4ng s\u1eefa ch\u1eefa trong v\u00f2ng 5 n\u0103m.<\/strong><\/span><\/p>\n<p><span style=\"color: #000000;\"><strong>Xu\u1ea5t h\u00f3a \u0111\u01a1n VAT theo y\u00eau c\u1ea7u<\/strong><\/span><\/p>\n","protected":false},"excerpt":{"rendered":"<p><span style=\"color: #000000;\">Gi\u01b0\u1eddng x\u1ebfp ki\u1ec3u H\u00e0n Qu\u1ed1c DL24 lo\u1ea1i\u00a0<a style=\"color: #000000;\" href=\"https:\/\/vongxepgiare.com\/giuong-nem-gap-xep\/\">gi\u01b0\u1eddng n\u1ec7m<\/a>\u00a0d\u00e0y v\u00e0 \u00eam \u00e1i, c\u00f3 th\u1ec3 g\u1ea5p x\u1ebfp g\u1ecdn sau khi s\u1eed d\u1ee5ng, ti\u1ebft ki\u1ec7m di\u1ec7n t\u00edch t\u1ed1i \u0111a. K\u00edch th\u01b0\u1edbc s\u1eed d\u1ee5ng chi\u1ec1u d\u00e0i 180cm, chi\u1ec1u r\u1ed9ng 65cm, chi\u1ec1u cao 35 cm, k\u00edch th\u01b0\u1edbc g\u1ea5p g\u1ecdn chi\u1ec1u d\u00e0i 95cm, chi\u1ec1u r\u1ed9ng 65cm. <\/span><\/p>\n","protected":false},"featured_media":4729,"comment_status":"open","ping_status":"closed","template":"","meta":[],"_links":{"self":[{"href":"https:\/\/thietbitmg.com\/demo\/vongxep\/wp-json\/wp\/v2\/product\/4728"}],"collection":[{"href":"https:\/\/thietbitmg.com\/demo\/vongxep\/wp-json\/wp\/v2\/product"}],"about":[{"href":"https:\/\/thietbitmg.com\/demo\/vongxep\/wp-json\/wp\/v2\/types\/product"}],"replies":[{"embeddable":true,"href":"https:\/\/thietbitmg.com\/demo\/vongxep\/wp-json\/wp\/v2\/comments?post=4728"}],"wp:featuredmedia":[{"embeddable":true,"href":"https:\/\/thietbitmg.com\/demo\/vongxep\/wp-json\/wp\/v2\/media\/4729"}],"wp:attachment":[{"href":"https:\/\/thietbitmg.com\/demo\/vongxep\/wp-json\/wp\/v2\/media?parent=4728"}],"curies":[{"name":"wp","href":"https:\/\/api.w.org\/{rel}","templated":true}]}}