{"id":1086,"date":"2020-09-19T03:58:59","date_gmt":"2020-09-19T03:58:59","guid":{"rendered":"http:\/\/chuongdesigner.name.vn\/noithat\/?post_type=product&#038;p=1086"},"modified":"2021-08-05T03:03:42","modified_gmt":"2021-08-05T03:03:42","slug":"mau-ban-tho-don-gian-btg1041","status":"publish","type":"product","link":"https:\/\/thietbitmg.com\/demo\/yvien\/mau-ban-tho-don-gian-btg1041\/","title":{"rendered":"M\u1eabu b\u00e0n th\u1edd \u0111\u01a1n gi\u1ea3n BTG1041"},"content":{"rendered":"<p><em><strong>M\u1eabu b\u00e0n th\u1edd \u0111\u01a1n gi\u1ea3n BTG1041<\/strong><\/em>\u00a0l\u00e0 m\u1eabu\u00a0<em><strong><a href=\"https:\/\/banthogo.vn\/\">b\u00e0n th\u1edd<\/a><\/strong><\/em>\u00a0\u0111\u01b0\u1ee3c nhi\u1ec1u gia \u0111\u00ecnh l\u1ef1a ch\u1ecdn b\u1edfi thi\u1ebft k\u1ebf hi\u1ec7n \u0111\u1ea1i k\u1ebft h\u1ee3p v\u1edbi hoa v\u0103n truy\u1ec1n th\u1ed1ng h\u00e0i h\u00f2a v\u00e0 nh\u1ea5t l\u00e0 m\u1eabu b\u00e0n th\u1edd n\u00e0y ph\u00f9 h\u1ee3p v\u1edbi nhi\u1ec1u kh\u00f4ng gian.\u00a0<em><strong>M\u1eabu b\u00e0n th\u1edd \u0111\u01a1n gi\u1ea3n BTG1041<\/strong><\/em>\u00a0v\u1edbi thi\u1ebft k\u1ebf \u0111\u1ed9c \u0111\u00e1o m\u1ed9c m\u1ea1c, t\u1ea1o thi\u1ec7n c\u1ea3m t\u1eeb c\u00e1i nh\u00ecn \u0111\u1ea7u ti\u00ean.<\/p>\n<figure id=\"attachment_3434\" class=\"wp-caption aligncenter\" aria-describedby=\"caption-attachment-3434\"><img loading=\"lazy\" class=\"wp-image-3434 size-full\" title=\"M\u1eabu b\u00e0n th\u1edd \u0111\u01a1n gi\u1ea3n BTG1041 6\" src=\"https:\/\/banthogo.vn\/wp-content\/uploads\/2020\/05\/mau-ban-tho-don-gian-BTG1041-6.jpg\" sizes=\"(max-width: 600px) 100vw, 600px\" srcset=\"https:\/\/banthogo.vn\/wp-content\/uploads\/2020\/05\/mau-ban-tho-don-gian-BTG1041-6.jpg 600w, https:\/\/banthogo.vn\/wp-content\/uploads\/2020\/05\/mau-ban-tho-don-gian-BTG1041-6-247x247.jpg 247w, https:\/\/banthogo.vn\/wp-content\/uploads\/2020\/05\/mau-ban-tho-don-gian-BTG1041-6-100x100.jpg 100w, https:\/\/banthogo.vn\/wp-content\/uploads\/2020\/05\/mau-ban-tho-don-gian-BTG1041-6-510x510.jpg 510w, https:\/\/banthogo.vn\/wp-content\/uploads\/2020\/05\/mau-ban-tho-don-gian-BTG1041-6-150x150.jpg 150w, https:\/\/banthogo.vn\/wp-content\/uploads\/2020\/05\/mau-ban-tho-don-gian-BTG1041-6-300x300.jpg 300w\" alt=\"M\u1eabu b\u00e0n th\u1edd \u0111\u01a1n gi\u1ea3n BTG1041\" width=\"600\" height=\"600\" \/><figcaption id=\"caption-attachment-3434\" class=\"wp-caption-text\"><em>M\u1eabu b\u00e0n th\u1edd \u0111\u01a1n gi\u1ea3n BTG1041<\/em><\/figcaption><\/figure>\n<p><em><strong>M\u1eabu b\u00e0n th\u1edd \u0111\u01a1n gi\u1ea3n BTG1041<\/strong><\/em>\u00a0c\u00f3 m\u1eb7t b\u00e0n c\u00f3 h\u00ecnh \u0111\u0129a d\u00e1ng n\u00e2ng d\u1ee1, 4 ch\u00e2n cao thanh. M\u1eb7t tr\u01b0\u1edbc c\u00f3 th\u1ec3 \u0111\u1ec3 tr\u1ed1ng ho\u1eb7c kh\u1eafc h\u1ecda ti\u1ebft nh\u01b0 m\u00e2y bay, hoa sen\u2026 T\u00f9y l\u1ef1a ch\u1ecdn c\u1ee7a gia ch\u1ee7. Th\u00eam v\u00e0o \u0111\u00f3 l\u00e0 chi ti\u1ebft 2 \u0111\u1ea7u h\u1ed3i b\u1ea1n c\u00f3 th\u1ec3 th\u00eam t\u00e2m hoa sen, ch\u1eef th\u1ecd ho\u1eb7c \u0111\u1ec3 tr\u1ed1ng \u0111\u1ec1u \u0111\u01b0\u1ee3c. \u0110\u00e2y l\u00e0\u00a0<em><strong><a href=\"https:\/\/banthogo.vn\/ban-tho-don-gian\">m\u1eabu b\u00e0n th\u1edd \u0111\u01a1n gi\u1ea3n<\/a><\/strong><\/em>\u00a0nh\u1ea5t t\u1ea1i c\u1eeda h\u00e0ng B\u00e0n th\u1edd g\u1ed7 T\u00e2m Ph\u00e1t<\/p>\n<p><em><strong>M\u1eabu b\u00e0n th\u1edd \u0111\u01a1n gi\u1ea3n BTG1041<\/strong><\/em>\u00a0\u0111\u01b0\u1ee3c y\u00eau th\u00edch h\u01a1n b\u1edfi s\u1ef1 ti\u1ec7n d\u1ee5ng c\u1ee7a t\u1ee7 c\u01a1m. T\u1ee7 c\u01a1m c\u00f3 k\u00edch th\u01b0\u1edbc v\u1eeba d\u01b0\u1edbi 4 ch\u00e2n c\u1ee7a b\u00e0n th\u1edd ch\u00ednh nh\u1eb1m ti\u1ebft ki\u1ec7m di\u1ec7n t\u00edch, c\u00f3 th\u1ec3 d\u00f9ng \u0111\u1ec3 c\u00e1c v\u1eadt d\u1ee5ng th\u1edd ho\u1eb7c k\u00e9o ra \u0111\u1eb7t m\u00e2m c\u01a1m c\u00fang ho\u1eb7c l\u1ec5 v\u1eadt\u2026.<\/p>\n<figure id=\"attachment_3431\" class=\"wp-caption aligncenter\" aria-describedby=\"caption-attachment-3431\"><img loading=\"lazy\" class=\"wp-image-3431 size-full\" title=\"M\u1eabu b\u00e0n th\u1edd \u0111\u01a1n gi\u1ea3n BTG1041 7\" src=\"https:\/\/banthogo.vn\/wp-content\/uploads\/2020\/05\/mau-ban-tho-don-gian-BTG1041-2.jpg\" sizes=\"(max-width: 600px) 100vw, 600px\" srcset=\"https:\/\/banthogo.vn\/wp-content\/uploads\/2020\/05\/mau-ban-tho-don-gian-BTG1041-2.jpg 600w, https:\/\/banthogo.vn\/wp-content\/uploads\/2020\/05\/mau-ban-tho-don-gian-BTG1041-2-510x680.jpg 510w, https:\/\/banthogo.vn\/wp-content\/uploads\/2020\/05\/mau-ban-tho-don-gian-BTG1041-2-113x150.jpg 113w, https:\/\/banthogo.vn\/wp-content\/uploads\/2020\/05\/mau-ban-tho-don-gian-BTG1041-2-225x300.jpg 225w\" alt=\"M\u1eabu b\u00e0n th\u1edd \u0111\u01a1n gi\u1ea3n BTG1041\" width=\"600\" height=\"800\" \/><figcaption id=\"caption-attachment-3431\" class=\"wp-caption-text\">2 \u0111\u1ea7u h\u1ed3i \u0111\u01b0\u1ee3c ch\u1ea1m kh\u1eafc hoa sen<\/figcaption><\/figure>\n<p><em><strong>M\u1eabu b\u00e0n th\u1edd \u0111\u01a1n gi\u1ea3n BTG1041<\/strong><\/em>\u00a0c\u00f3 h\u00ecnh d\u00e1ng gi\u1ed1ng c\u1ed5ng Torii Nh\u1eadt B\u1ea3n v\u1edbi m\u1eb7t b\u00e0n 2 b\u00ean u\u1ed1ng cong l\u00ean tr\u00ean. C\u00e1c ch\u00e2n b\u00e0n th\u1eb3ng tr\u00ean xu\u1ed1ng, h\u1ecda ti\u1ebft ph\u00eda d\u01b0\u1edbi m\u1eb7t b\u00e0n \u0111\u01a1n gi\u1ea3n c\u00f3 h\u00ecnh v\u00f2m vu\u00f4ng ch\u1eafc ch\u1eafn. Ph\u00eda d\u01b0\u1edbi ch\u00ednh di\u1ec7n b\u00e0n th\u1edd t\u1ea1o kho\u1ea3ng tr\u1ed1ng \u0111\u1ec3 b\u00e0n c\u01a1m di chuy\u1ec3n ra v\u00e0o, 2 b\u00ean c\u00f3 2 t\u1ea5m v\u00e1ch ng\u0103n c\u1ee9ng gi\u1edbi h\u1ea1n t\u1ea7m m\u00ecnh v\u00e0 t\u0103ng th\u1ea9m m\u1ef9 cho n\u00f3. \u0110\u1ed1i v\u1edbi c\u00e1c c\u0103n h\u1ed9 hi\u1ec7n \u0111\u1ea1i c\u00f3 phong c\u00e1ch \u0111\u01a1n gi\u1ea3n th\u00ec kh\u00f4ng th\u1ec3 b\u1ecf qua m\u1eabu\u00a0<em><strong><a href=\"https:\/\/banthogo.vn\/ban-tho-chung-cu\">b\u00e0n th\u1edd chung c\u01b0<\/a><\/strong><\/em>\u00a0n\u00e0y \u0111\u01b0\u1ee3c.<\/p>\n","protected":false},"excerpt":{"rendered":"<ul>\n<li><strong>Gi\u00e1 b\u00e1n:<\/strong>\u00a0Tu\u1ef3 thu\u1ed9c k\u00edch th\u01b0\u1edbc v\u00e0 ch\u1ea5t li\u1ec7u g\u1ed7<\/li>\n<li><strong>K\u00edch th\u01b0\u1edbc:<\/strong>\u00a061\u00d789, 61\u00d7107, 61\u00d7127, 67\u00d7153<\/li>\n<li>(M\u1ecdi k\u00edch th\u01b0\u1edbc kh\u00e1c xin li\u00ean h\u1ec7)<\/li>\n<li><strong>Ch\u1ea5t li\u1ec7u:\u00a0<\/strong>G\u1ed7 G\u00f5<\/li>\n<li><strong>Ch\u1ea5t li\u1ec7u kh\u00e1c:\u00a0<\/strong>G\u1ed7 S\u1ed3i, g\u1ed7 G\u1ee5, g\u1ed7 H\u01b0\u01a1ng, g\u1ed7 M\u00edt<\/li>\n<li><strong>M\u00e0u s\u1eafc:<\/strong>\u00a0Tu\u1ef3 ch\u1ecdn<\/li>\n<li><strong>B\u1ea3o h\u00e0nh:<\/strong>\u00a010 n\u0103m<\/li>\n<li><strong>V\u1eadn chuy\u1ec3n to\u00e0n qu\u1ed1c<\/strong><\/li>\n<li><strong>Mi\u1ec5n ph\u00ed<\/strong>\u00a0t\u1ea1i H\u00e0 N\u1ed9i v\u00e0 TP. H\u1ed3 Ch\u00ed Minh<\/li>\n<\/ul>\n","protected":false},"featured_media":2369,"comment_status":"open","ping_status":"closed","template":"","meta":[],"_links":{"self":[{"href":"https:\/\/thietbitmg.com\/demo\/yvien\/wp-json\/wp\/v2\/product\/1086"}],"collection":[{"href":"https:\/\/thietbitmg.com\/demo\/yvien\/wp-json\/wp\/v2\/product"}],"about":[{"href":"https:\/\/thietbitmg.com\/demo\/yvien\/wp-json\/wp\/v2\/types\/product"}],"replies":[{"embeddable":true,"href":"https:\/\/thietbitmg.com\/demo\/yvien\/wp-json\/wp\/v2\/comments?post=1086"}],"wp:featuredmedia":[{"embeddable":true,"href":"https:\/\/thietbitmg.com\/demo\/yvien\/wp-json\/wp\/v2\/media\/2369"}],"wp:attachment":[{"href":"https:\/\/thietbitmg.com\/demo\/yvien\/wp-json\/wp\/v2\/media?parent=1086"}],"curies":[{"name":"wp","href":"https:\/\/api.w.org\/{rel}","templated":true}]}}