{"id":1232,"date":"2020-09-19T10:15:34","date_gmt":"2020-09-19T10:15:34","guid":{"rendered":"http:\/\/chuongdesigner.name.vn\/noithat\/?post_type=product&#038;p=1232"},"modified":"2021-08-05T03:06:04","modified_gmt":"2021-08-05T03:06:04","slug":"ban-tho-phat-va-tho-gia-tien-mau-btg1105","status":"publish","type":"product","link":"https:\/\/thietbitmg.com\/demo\/yvien\/ban-tho-phat-va-tho-gia-tien-mau-btg1105\/","title":{"rendered":"B\u00e0n th\u1edd Ph\u1eadt Gia ti\u00ean m\u1eabu BTG1105"},"content":{"rendered":"<p><em><strong>B\u00e0n th\u1edd g\u1ed7 T\u00e2m Ph\u00e1t\u00a0<\/strong><\/em>gi\u1edbi thi\u1ec7u \u0111\u1ebfn c\u00e1c b\u1ea1n<em><strong>\u00a0M\u1eabu b\u00e0n th\u1edd Ph\u1eadt v\u00e0 th\u1edd gia ti\u00ean BTG1105\u00a0<\/strong><\/em>hi\u1ec7n \u0111ang b\u00e1n ch\u1ea1y nh\u1ea5t t\u1ea1i showroom c\u1ee7a ch\u00fang t\u00f4i. M\u1eabu b\u00e0n th\u1edd BTG1105 \u0111\u1ea3m b\u1ea3o s\u1ef1 t\u00f4n nghi\u00eam, c\u00f3 th\u1ec3 \u0111\u1eb7t trong gian th\u1edd ri\u00eang nh\u01b0ng l\u1ea1i kh\u00f4ng chi\u1ebfm qu\u00e1 nhi\u1ec1u di\u1ec7n t\u00edch. V\u1edbi nh\u1eefng gia ch\u1ee7 y\u00eau th\u00edch s\u1ef1 tinh t\u1ebf, gi\u1ea3n \u0111\u01a1n v\u00e0 mu\u1ed1n ti\u1ebft ki\u1ec7m \u0111\u01b0\u1ee3c di\u1ec7n t\u00edch kh\u00f4ng gian, v\u1eeba c\u00f3 th\u1ec3 th\u1ec3 th\u1edd Ph\u1eadt v\u00e0 th\u1edd Gia ti\u00ean th\u00ec\u00a0<strong>b\u00e0n th\u1edd BTG1105<\/strong>\u00a0l\u00e0 m\u1ed9t l\u1ef1a ch\u1ecdn h\u1ee3p l\u00fd nh\u1ea5t.<\/p>\n<figure id=\"attachment_4962\" class=\"wp-caption aligncenter\" aria-describedby=\"caption-attachment-4962\"><img loading=\"lazy\" class=\"wp-image-4962 size-full\" title=\"B\u00e0n th\u1edd Ph\u1eadt v\u00e0 th\u1edd Gia ti\u00ean m\u1eabu BTG1105 6\" src=\"https:\/\/banthogo.vn\/wp-content\/uploads\/2020\/10\/ban-tho-dep-113-min.jpg\" sizes=\"(max-width: 650px) 100vw, 650px\" srcset=\"https:\/\/banthogo.vn\/wp-content\/uploads\/2020\/10\/ban-tho-dep-113-min.jpg 650w, https:\/\/banthogo.vn\/wp-content\/uploads\/2020\/10\/ban-tho-dep-113-min-247x247.jpg 247w, https:\/\/banthogo.vn\/wp-content\/uploads\/2020\/10\/ban-tho-dep-113-min-100x100.jpg 100w, https:\/\/banthogo.vn\/wp-content\/uploads\/2020\/10\/ban-tho-dep-113-min-510x510.jpg 510w, https:\/\/banthogo.vn\/wp-content\/uploads\/2020\/10\/ban-tho-dep-113-min-150x150.jpg 150w, https:\/\/banthogo.vn\/wp-content\/uploads\/2020\/10\/ban-tho-dep-113-min-300x300.jpg 300w\" alt=\"B\u00e0n th\u1edd Ph\u1eadt v\u00e0 th\u1edd Gia ti\u00ean m\u1eabu BTG1105\" width=\"650\" height=\"650\" \/><figcaption id=\"caption-attachment-4962\" class=\"wp-caption-text\">B\u00e0n th\u1edd Ph\u1eadt v\u00e0 th\u1edd Gia ti\u00ean m\u1eabu BTG1105<\/figcaption><\/figure>\n<p>C\u0169ng gi\u1ed1ng nh\u01b0 c\u00e1c\u00a0<em><a href=\"https:\/\/banthogo.vn\/\"><strong>m\u1eabu b\u00e0n th\u1edd \u0111\u1eb9p\u00a0<\/strong><\/a><\/em>kh\u00e1c c\u1ee7a T\u00e2m Ph\u00e1t,\u00a0<em><strong>B\u00e0n th\u1edd Ph\u1eadt v\u00e0 th\u1edd gia ti\u00ean BTG1105<\/strong><\/em>\u00a0\u0111\u01b0\u1ee3c thi\u1ebft k\u1ebf kh\u00e1 \u0111\u01a1n gi\u1ea3n v\u1edbi nh\u1eefng chi ti\u1ebft \u0111\u00e3 qu\u00e1 quen thu\u1ed9c trong \u0111\u1eddi s\u1ed1ng, v\u0103n h\u00f3a c\u1ee7a ng\u01b0\u1eddi d\u00e2n Vi\u1ec7t Nam. H\u00ecnh \u1ea3nh hoa sen thanh tao, cao qu\u00fd \u1edf m\u1eb7t tr\u01b0\u1edbc b\u00e0n th\u1edd t\u01b0\u1ee3ng tr\u01b0ng cho \u0110\u1ee9c Ph\u1eadt cao qu\u00fd:<\/p>\n<p><em><strong>\u201cB\u1ea3y \u0111\u00f3a sen v\u00e0ng n\u00e2ng g\u00f3t ng\u1ecdc<\/strong><\/em><br \/>\n<em><strong>Ba ng\u00e0n th\u1ebf gi\u1edbi \u0111\u00f3n Nh\u01b0 Lai\u201d.<\/strong><\/em><\/p>\n<p>T\u1eebng chi ti\u1ebft, \u0111\u01b0\u1eddng n\u00e9t ho\u1ea1 ti\u1ebft g\u1ed7 tr\u00ean b\u00e0n th\u1edd \u0111\u01b0\u1ee3c \u0111\u1ee5c b\u1eb1ng m\u00e1y c\u00f4ng ngh\u1ec7 cao v\u1edbi m\u0169i \u0111\u1ee5c si\u00eau nh\u1ecf, cho \u0111\u01b0\u1eddng \u0111\u1ee5c s\u1eafc n\u00e9t t\u1ec9 m\u1ec9, s\u1ed1ng \u0111\u1ed9ng \u0111\u1ea3m b\u1ea3o s\u1ef1 m\u01b0\u1ee3t m\u00e0, uy\u1ec3n chuy\u1ec3n, mang \u0111\u1ebfn c\u1ea3m gi\u00e1c sang tr\u1ecdng v\u00e0 kh\u00f4ng k\u00e9m ph\u1ea7n hi\u1ec7n \u0111\u1ea1i cho m\u1eabu b\u00e0n th\u1edd n\u00e0y.<\/p>\n<figure id=\"attachment_4963\" class=\"wp-caption aligncenter\" aria-describedby=\"caption-attachment-4963\"><img loading=\"lazy\" class=\"wp-image-4963 size-full\" title=\"B\u00e0n th\u1edd Ph\u1eadt v\u00e0 th\u1edd Gia ti\u00ean m\u1eabu BTG1105 7\" src=\"https:\/\/banthogo.vn\/wp-content\/uploads\/2020\/10\/ban-tho-dep-114-min.jpg\" sizes=\"(max-width: 650px) 100vw, 650px\" srcset=\"https:\/\/banthogo.vn\/wp-content\/uploads\/2020\/10\/ban-tho-dep-114-min.jpg 650w, https:\/\/banthogo.vn\/wp-content\/uploads\/2020\/10\/ban-tho-dep-114-min-510x580.jpg 510w, https:\/\/banthogo.vn\/wp-content\/uploads\/2020\/10\/ban-tho-dep-114-min-132x150.jpg 132w, https:\/\/banthogo.vn\/wp-content\/uploads\/2020\/10\/ban-tho-dep-114-min-264x300.jpg 264w\" alt=\"B\u00e0n th\u1edd Ph\u1eadt v\u00e0 th\u1edd Gia ti\u00ean m\u1eabu BTG1105\" width=\"650\" height=\"739\" \/><figcaption id=\"caption-attachment-4963\" class=\"wp-caption-text\">B\u00e0n th\u1edd Ph\u1eadt v\u00e0 th\u1edd Gia ti\u00ean m\u1eabu BTG1105<\/figcaption><\/figure>\n<p><strong>S\u1ea3n ph\u1ea9m\u00a0<em>B\u00e0n th\u1edd Ph\u1eadt v\u00e0 th\u1edd gia ti\u00ean m\u1eabu BTG1105<\/em>\u00a0\u0111\u01b0\u1ee3c thi\u1ebft k\u1ebf v\u1edbi hai ph\u1ea7n ch\u00ednh l\u00e0 B\u00e0n th\u1edd v\u00e0 t\u1ee7 th\u1edd:<\/strong><\/p>\n<ul>\n<li><em><strong>B\u00e0n th\u1edd<\/strong><\/em>\u00a0thi\u1ebft k\u1ebf theo k\u00edch th\u01b0\u1edbc ti\u00eau chu\u1ea9n c\u1ee7a th\u01b0\u1edbc L\u1ed7 Ban, \u0111\u1ea3m b\u1ea3o c\u00e1c y\u1ebfu t\u1ed1 phong th\u1ee7y v\u00e0 t\u00e2m linh. Hai b\u00ean m\u1eb7t b\u00e0n th\u1edd u\u1ed1n cong h\u00ecnh cu\u1ed1n th\u01b0 uy nghi\u00eam c\u00f9ng v\u1edbi m\u1eb7t b\u00e0n tr\u01a1n b\u00f3ng r\u1ed9ng r\u00e3i, gia ch\u1ee7 c\u00f3 th\u1ec3 tho\u1ea3i m\u00e1i b\u00e0y bi\u1ec7n b\u1ed9 \u0111\u1ed3 th\u1edd.<\/li>\n<li>D\u01b0\u1edbi c\u00f9ng l\u00e0 t\u1ee7 th\u1edd t\u1eadn d\u1ee5ng t\u1ed1i \u0111a kho\u1ea3ng kh\u00f4ng gian tr\u1ed1ng ph\u00eda d\u01b0\u1edbi \u0111\u1ec3 \u0111\u1ef1ng \u0111\u1ed3 d\u00f9ng th\u1edd c\u00fang khi ch\u01b0a d\u00f9ng t\u1edbi. T\u1ee7 c\u00f3 ng\u0103n k\u00e9o v\u1edbi 2 c\u00e1nh t\u1ee7 ch\u1ea1m kh\u1eafc ch\u1eef Th\u1ecd tinh t\u1ebf, t\u1ee7 c\u00f3 th\u1ec3 k\u00e9o ra, k\u00ea v\u00e0o, khi gia \u0111\u00ecnh c\u00f3 c\u00fang, gi\u1ed7 m\u1eb7t t\u1ee7 c\u00f3 th\u1ec3 k\u00ea l\u00e0m n\u01a1i b\u00e0y m\u00e2m c\u1ed7.<\/li>\n<\/ul>\n","protected":false},"excerpt":{"rendered":"<ul>\n<li><strong>Gi\u00e1 b\u00e1n:<\/strong>\u00a0Tu\u1ef3 thu\u1ed9c k\u00edch th\u01b0\u1edbc v\u00e0 ch\u1ea5t li\u1ec7u g\u1ed7<\/li>\n<li><strong>K\u00edch th\u01b0\u1edbc:<\/strong>\u00a061\u00d781, 61\u00d789, 61\u00d7107, 61\u00d7127, 67\u00d7153<\/li>\n<li>(M\u1ecdi k\u00edch th\u01b0\u1edbc kh\u00e1c xin li\u00ean h\u1ec7)<\/li>\n<li><strong>Ch\u1ea5t li\u1ec7u:<\/strong>\u00a0G\u1ed7 s\u1ed3i, g\u1ed7 G\u1ee5, g\u1ed7 G\u00f5, g\u1ed7 H\u01b0\u01a1ng, g\u1ed7 M\u00edt<\/li>\n<li><strong>M\u00e0u s\u1eafc:<\/strong>\u00a0Tu\u1ef3 ch\u1ecdn<\/li>\n<li><strong>B\u1ea3o h\u00e0nh:<\/strong>\u00a07 n\u0103m<\/li>\n<li>V\u1eadn chuy\u1ec3n to\u00e0n qu\u1ed1c<\/li>\n<li>V\u1eadn chuy\u1ec3n mi\u1ec5n ph\u00ed t\u1ea1i\u00a0<strong>H\u00e0 N\u1ed9i<\/strong>,\u00a0<strong>TP.HCM<\/strong><\/li>\n<\/ul>\n","protected":false},"featured_media":2010,"comment_status":"open","ping_status":"closed","template":"","meta":[],"_links":{"self":[{"href":"https:\/\/thietbitmg.com\/demo\/yvien\/wp-json\/wp\/v2\/product\/1232"}],"collection":[{"href":"https:\/\/thietbitmg.com\/demo\/yvien\/wp-json\/wp\/v2\/product"}],"about":[{"href":"https:\/\/thietbitmg.com\/demo\/yvien\/wp-json\/wp\/v2\/types\/product"}],"replies":[{"embeddable":true,"href":"https:\/\/thietbitmg.com\/demo\/yvien\/wp-json\/wp\/v2\/comments?post=1232"}],"wp:featuredmedia":[{"embeddable":true,"href":"https:\/\/thietbitmg.com\/demo\/yvien\/wp-json\/wp\/v2\/media\/2010"}],"wp:attachment":[{"href":"https:\/\/thietbitmg.com\/demo\/yvien\/wp-json\/wp\/v2\/media?parent=1232"}],"curies":[{"name":"wp","href":"https:\/\/api.w.org\/{rel}","templated":true}]}}